{"id":114,"date":"2022-10-19T19:49:56","date_gmt":"2022-10-19T19:49:56","guid":{"rendered":"https:\/\/hpo-moukouti.com\/?page_id=114"},"modified":"2022-10-29T12:54:06","modified_gmt":"2022-10-29T12:54:06","slug":"nos-activites","status":"publish","type":"page","link":"https:\/\/hpo-moukouti.com\/index.php\/nos-activites\/","title":{"rendered":"Nos activit\u00e9s"},"content":{"rendered":"\t\t<div data-elementor-type=\"wp-page\" data-elementor-id=\"114\" class=\"elementor elementor-114\">\n\t\t\t\t\t\t<section class=\"elementor-section elementor-top-section elementor-element elementor-element-d64701f elementor-section-full_width elementor-section-height-min-height elementor-section-stretched elementor-reverse-mobile elementor-section-height-default elementor-section-items-middle\" data-id=\"d64701f\" data-element_type=\"section\" data-settings=\"{&quot;stretch_section&quot;:&quot;section-stretched&quot;,&quot;background_background&quot;:&quot;classic&quot;}\">\n\t\t\t\t\t\t<div class=\"elementor-container elementor-column-gap-default\">\n\t\t\t\t\t<div class=\"elementor-column elementor-col-50 elementor-top-column elementor-element elementor-element-e228b81\" data-id=\"e228b81\" data-element_type=\"column\">\n\t\t\t<div class=\"elementor-widget-wrap elementor-element-populated\">\n\t\t\t\t\t\t<section class=\"elementor-section elementor-inner-section elementor-element elementor-element-7c69871 elementor-section-boxed elementor-section-height-default elementor-section-height-default\" data-id=\"7c69871\" data-element_type=\"section\">\n\t\t\t\t\t\t<div class=\"elementor-container elementor-column-gap-default\">\n\t\t\t\t\t<div class=\"elementor-column elementor-col-50 elementor-inner-column elementor-element elementor-element-58fdcad\" data-id=\"58fdcad\" data-element_type=\"column\">\n\t\t\t<div class=\"elementor-widget-wrap\">\n\t\t\t\t\t\t\t<\/div>\n\t\t<\/div>\n\t\t\t\t<div class=\"elementor-column elementor-col-50 elementor-inner-column elementor-element elementor-element-81cc7a7\" data-id=\"81cc7a7\" data-element_type=\"column\">\n\t\t\t<div class=\"elementor-widget-wrap elementor-element-populated\">\n\t\t\t\t\t\t<div class=\"elementor-element elementor-element-a1ae0da elementor-widget elementor-widget-heading\" data-id=\"a1ae0da\" data-element_type=\"widget\" data-widget_type=\"heading.default\">\n\t\t\t\t<div class=\"elementor-widget-container\">\n\t\t\t<h2 class=\"elementor-heading-title elementor-size-default\">Nos activit\u00e9s<\/h2>\t\t<\/div>\n\t\t\t\t<\/div>\n\t\t\t\t\t<\/div>\n\t\t<\/div>\n\t\t\t\t\t<\/div>\n\t\t<\/section>\n\t\t\t\t\t<\/div>\n\t\t<\/div>\n\t\t\t\t<div class=\"elementor-column elementor-col-50 elementor-top-column elementor-element elementor-element-cbb287f\" data-id=\"cbb287f\" data-element_type=\"column\" data-settings=\"{&quot;background_background&quot;:&quot;classic&quot;}\">\n\t\t\t<div class=\"elementor-widget-wrap elementor-element-populated\">\n\t\t\t\t\t\t<div class=\"elementor-element elementor-element-774d5eb elementor-widget elementor-widget-image\" data-id=\"774d5eb\" data-element_type=\"widget\" data-widget_type=\"image.default\">\n\t\t\t\t<div class=\"elementor-widget-container\">\n\t\t\t\t\t\t\t\t\t\t\t\t\t<img fetchpriority=\"high\" decoding=\"async\" width=\"1024\" height=\"653\" src=\"https:\/\/hpo-moukouti.com\/wp-content\/uploads\/2022\/10\/kl-main-building-d-Kopie-e1666206809130-1024x653.jpg\" class=\"attachment-large size-large wp-image-102\" alt=\"\" \/>\t\t\t\t\t\t\t\t\t\t\t\t\t<\/div>\n\t\t\t\t<\/div>\n\t\t\t\t\t<\/div>\n\t\t<\/div>\n\t\t\t\t\t<\/div>\n\t\t<\/section>\n\t\t\t\t<section class=\"elementor-section elementor-top-section elementor-element elementor-element-cd7d19c elementor-section-boxed elementor-section-height-default elementor-section-height-default\" data-id=\"cd7d19c\" data-element_type=\"section\">\n\t\t\t\t\t\t<div class=\"elementor-container elementor-column-gap-default\">\n\t\t\t\t\t<div class=\"elementor-column elementor-col-100 elementor-top-column elementor-element elementor-element-2147a99\" data-id=\"2147a99\" data-element_type=\"column\">\n\t\t\t<div class=\"elementor-widget-wrap elementor-element-populated\">\n\t\t\t\t\t\t<div class=\"elementor-element elementor-element-21cc72e elementor-widget elementor-widget-spacer\" data-id=\"21cc72e\" data-element_type=\"widget\" data-widget_type=\"spacer.default\">\n\t\t\t\t<div class=\"elementor-widget-container\">\n\t\t\t\t\t<div class=\"elementor-spacer\">\n\t\t\t<div class=\"elementor-spacer-inner\"><\/div>\n\t\t<\/div>\n\t\t\t\t<\/div>\n\t\t\t\t<\/div>\n\t\t\t\t\t<\/div>\n\t\t<\/div>\n\t\t\t\t\t<\/div>\n\t\t<\/section>\n\t\t\t\t<section class=\"elementor-section elementor-top-section elementor-element elementor-element-1e954b0 elementor-section-stretched elementor-section-boxed elementor-section-height-default elementor-section-height-default\" data-id=\"1e954b0\" data-element_type=\"section\" data-settings=\"{&quot;stretch_section&quot;:&quot;section-stretched&quot;}\">\n\t\t\t\t\t\t<div class=\"elementor-container elementor-column-gap-default\">\n\t\t\t\t\t<div class=\"elementor-column elementor-col-100 elementor-top-column elementor-element elementor-element-cbb76ff\" data-id=\"cbb76ff\" data-element_type=\"column\">\n\t\t\t<div class=\"elementor-widget-wrap elementor-element-populated\">\n\t\t\t\t\t\t<section class=\"elementor-section elementor-inner-section elementor-element elementor-element-6675e5c elementor-section-full_width elementor-section-height-default elementor-section-height-default\" data-id=\"6675e5c\" data-element_type=\"section\">\n\t\t\t\t\t\t<div class=\"elementor-container elementor-column-gap-default\">\n\t\t\t\t\t<div class=\"elementor-column elementor-col-33 elementor-inner-column elementor-element elementor-element-e467dd9\" data-id=\"e467dd9\" data-element_type=\"column\">\n\t\t\t<div class=\"elementor-widget-wrap elementor-element-populated\">\n\t\t\t\t\t\t<div class=\"elementor-element elementor-element-5e6f7db ekit-equal-height-enable elementor-widget elementor-widget-elementskit-image-box\" data-id=\"5e6f7db\" data-element_type=\"widget\" data-widget_type=\"elementskit-image-box.default\">\n\t\t\t\t<div class=\"elementor-widget-container\">\n\t\t\t<div class=\"ekit-wid-con\" >\n            <div class=\"elementskit-info-image-box ekit-image-box text-center shadow-line\" >\n\n                \n                <div class=\"elementskit-box-header image-box-img-center\">\n\n                    <img decoding=\"async\" width=\"1202\" height=\"900\" src=\"https:\/\/hpo-moukouti.com\/wp-content\/uploads\/2022\/10\/depot_GPL_27_juin_2019_2-1.jpg\" class=\"attachment-full size-full wp-image-589\" alt=\"\" srcset=\"https:\/\/hpo-moukouti.com\/wp-content\/uploads\/2022\/10\/depot_GPL_27_juin_2019_2-1.jpg 1202w, https:\/\/hpo-moukouti.com\/wp-content\/uploads\/2022\/10\/depot_GPL_27_juin_2019_2-1-300x225.jpg 300w, https:\/\/hpo-moukouti.com\/wp-content\/uploads\/2022\/10\/depot_GPL_27_juin_2019_2-1-1024x767.jpg 1024w, https:\/\/hpo-moukouti.com\/wp-content\/uploads\/2022\/10\/depot_GPL_27_juin_2019_2-1-768x575.jpg 768w\" sizes=\"(max-width: 1202px) 100vw, 1202px\" \/>\n                <\/div>\n                \n                <div class=\"elementskit-box-body ekit-image-box-body\">\n                    <div class=\"elementskit-box-content ekit-image-box-body-inner\">\n                                                <h3 class=\"elementskit-info-box-title\">\n\n                        Le transport de mati\u00e8res dangereuses, telles que les hydrocarbures, impose un contr\u00f4le permanent des activit\u00e9s pour la s\u00e9curit\u00e9 des hommes, la fiabilit\u00e9 du mat\u00e9riel et le respect de l\u2019environnement\n                        \n                    <\/h3>\n                                                        <\/div>\n\n                            <\/div>\n            <\/div>\n    <\/div>\t\t<\/div>\n\t\t\t\t<\/div>\n\t\t\t\t\t<\/div>\n\t\t<\/div>\n\t\t\t\t<div class=\"elementor-column elementor-col-33 elementor-inner-column elementor-element elementor-element-5187cdd\" data-id=\"5187cdd\" data-element_type=\"column\">\n\t\t\t<div class=\"elementor-widget-wrap elementor-element-populated\">\n\t\t\t\t\t\t<div class=\"elementor-element elementor-element-f1df99f ekit-equal-height-disable elementor-widget elementor-widget-elementskit-image-box\" data-id=\"f1df99f\" data-element_type=\"widget\" data-widget_type=\"elementskit-image-box.default\">\n\t\t\t\t<div class=\"elementor-widget-container\">\n\t\t\t<div class=\"ekit-wid-con\" >\n            <div class=\"elementskit-info-image-box ekit-image-box text-center shadow-line\" >\n\n                \n                <div class=\"elementskit-box-header image-box-img-center\">\n\n                    <img decoding=\"async\" width=\"1200\" height=\"901\" src=\"https:\/\/hpo-moukouti.com\/wp-content\/uploads\/2022\/10\/12-1-1.jpg\" class=\"attachment-full size-full wp-image-590\" alt=\"\" srcset=\"https:\/\/hpo-moukouti.com\/wp-content\/uploads\/2022\/10\/12-1-1.jpg 1200w, https:\/\/hpo-moukouti.com\/wp-content\/uploads\/2022\/10\/12-1-1-300x225.jpg 300w, https:\/\/hpo-moukouti.com\/wp-content\/uploads\/2022\/10\/12-1-1-1024x769.jpg 1024w, https:\/\/hpo-moukouti.com\/wp-content\/uploads\/2022\/10\/12-1-1-768x577.jpg 768w\" sizes=\"(max-width: 1200px) 100vw, 1200px\" \/>\n                <\/div>\n                \n                <div class=\"elementskit-box-body ekit-image-box-body\">\n                    <div class=\"elementskit-box-content ekit-image-box-body-inner\">\n                                                <h4 class=\"elementskit-info-box-title\">\n\n                        Depuis le rachat de la soci\u00e9t\u00e9 en 2021 par le Groupe HPO &amp; ASSOCI\u00c9S, nous nous effor\u00e7ons d\u2019op\u00e9rer dans le respect des cahiers des charges de chaque partenaire distributeur. La mutualisation de leurs normes nous permet d\u2019am\u00e9liorer en permanence nos process et nos offres\n                        \n                    <\/h4>\n                                                        <\/div>\n\n                            <\/div>\n            <\/div>\n    <\/div>\t\t<\/div>\n\t\t\t\t<\/div>\n\t\t\t\t\t<\/div>\n\t\t<\/div>\n\t\t\t\t<div class=\"elementor-column elementor-col-33 elementor-inner-column elementor-element elementor-element-0fa1e75\" data-id=\"0fa1e75\" data-element_type=\"column\">\n\t\t\t<div class=\"elementor-widget-wrap elementor-element-populated\">\n\t\t\t\t\t\t<div class=\"elementor-element elementor-element-213d17b ekit-equal-height-enable elementor-widget elementor-widget-elementskit-image-box\" data-id=\"213d17b\" data-element_type=\"widget\" data-widget_type=\"elementskit-image-box.default\">\n\t\t\t\t<div class=\"elementor-widget-container\">\n\t\t\t<div class=\"ekit-wid-con\" >\n            <div class=\"elementskit-info-image-box ekit-image-box text-center shadow-line\" >\n\n                \n                <div class=\"elementskit-box-header image-box-img-center\">\n\n                    <img loading=\"lazy\" decoding=\"async\" width=\"1208\" height=\"900\" src=\"https:\/\/hpo-moukouti.com\/wp-content\/uploads\/2022\/10\/FLOTTECAMIONSROUGESjpg_5d9746a7e.jpg\" class=\"attachment-full size-full wp-image-591\" alt=\"\" srcset=\"https:\/\/hpo-moukouti.com\/wp-content\/uploads\/2022\/10\/FLOTTECAMIONSROUGESjpg_5d9746a7e.jpg 1208w, https:\/\/hpo-moukouti.com\/wp-content\/uploads\/2022\/10\/FLOTTECAMIONSROUGESjpg_5d9746a7e-300x224.jpg 300w, https:\/\/hpo-moukouti.com\/wp-content\/uploads\/2022\/10\/FLOTTECAMIONSROUGESjpg_5d9746a7e-1024x763.jpg 1024w, https:\/\/hpo-moukouti.com\/wp-content\/uploads\/2022\/10\/FLOTTECAMIONSROUGESjpg_5d9746a7e-768x572.jpg 768w\" sizes=\"(max-width: 1208px) 100vw, 1208px\" \/>\n                <\/div>\n                \n                <div class=\"elementskit-box-body ekit-image-box-body\">\n                    <div class=\"elementskit-box-content ekit-image-box-body-inner\">\n                                                <h3 class=\"elementskit-info-box-title\">\n\n                        Pour finir, l\u2019un de nos d\u00e9fis est de renouveler r\u00e9guli\u00e8rement notre parc automobile de fa\u00e7on \u00e0 respecter les engagements ESG du Groupe\n                        \n                    <\/h3>\n                                                        <\/div>\n\n                            <\/div>\n            <\/div>\n    <\/div>\t\t<\/div>\n\t\t\t\t<\/div>\n\t\t\t\t\t<\/div>\n\t\t<\/div>\n\t\t\t\t\t<\/div>\n\t\t<\/section>\n\t\t\t\t\t<\/div>\n\t\t<\/div>\n\t\t\t\t\t<\/div>\n\t\t<\/section>\n\t\t\t\t<\/div>\n\t\t","protected":false},"excerpt":{"rendered":"<p>Nos activit\u00e9s Le transport de mati\u00e8res dangereuses, telles que les hydrocarbures, impose un contr\u00f4le permanent des activit\u00e9s pour la s\u00e9curit\u00e9 des hommes, la fiabilit\u00e9 du mat\u00e9riel et le respect de l\u2019environnement Depuis le rachat de la soci\u00e9t\u00e9 en 2021 par le Groupe HPO &amp; ASSOCI\u00c9S, nous nous effor\u00e7ons d\u2019op\u00e9rer dans le respect des cahiers des [&hellip;]<\/p>\n","protected":false},"author":1,"featured_media":0,"parent":0,"menu_order":0,"comment_status":"closed","ping_status":"closed","template":"","meta":{"ocean_post_layout":"full-width","ocean_both_sidebars_style":"","ocean_both_sidebars_content_width":0,"ocean_both_sidebars_sidebars_width":0,"ocean_sidebar":"0","ocean_second_sidebar":"0","ocean_disable_margins":"enable","ocean_add_body_class":"","ocean_shortcode_before_top_bar":"","ocean_shortcode_after_top_bar":"","ocean_shortcode_before_header":"","ocean_shortcode_after_header":"","ocean_has_shortcode":"","ocean_shortcode_after_title":"","ocean_shortcode_before_footer_widgets":"","ocean_shortcode_after_footer_widgets":"","ocean_shortcode_before_footer_bottom":"","ocean_shortcode_after_footer_bottom":"","ocean_display_top_bar":"default","ocean_display_header":"default","ocean_header_style":"","ocean_center_header_left_menu":"0","ocean_custom_header_template":"0","ocean_custom_logo":0,"ocean_custom_retina_logo":0,"ocean_custom_logo_max_width":0,"ocean_custom_logo_tablet_max_width":0,"ocean_custom_logo_mobile_max_width":0,"ocean_custom_logo_max_height":0,"ocean_custom_logo_tablet_max_height":0,"ocean_custom_logo_mobile_max_height":0,"ocean_header_custom_menu":"0","ocean_menu_typo_font_family":"0","ocean_menu_typo_font_subset":"","ocean_menu_typo_font_size":0,"ocean_menu_typo_font_size_tablet":0,"ocean_menu_typo_font_size_mobile":0,"ocean_menu_typo_font_size_unit":"px","ocean_menu_typo_font_weight":"","ocean_menu_typo_font_weight_tablet":"","ocean_menu_typo_font_weight_mobile":"","ocean_menu_typo_transform":"","ocean_menu_typo_transform_tablet":"","ocean_menu_typo_transform_mobile":"","ocean_menu_typo_line_height":0,"ocean_menu_typo_line_height_tablet":0,"ocean_menu_typo_line_height_mobile":0,"ocean_menu_typo_line_height_unit":"","ocean_menu_typo_spacing":0,"ocean_menu_typo_spacing_tablet":0,"ocean_menu_typo_spacing_mobile":0,"ocean_menu_typo_spacing_unit":"","ocean_menu_link_color":"","ocean_menu_link_color_hover":"","ocean_menu_link_color_active":"","ocean_menu_link_background":"","ocean_menu_link_hover_background":"","ocean_menu_link_active_background":"","ocean_menu_social_links_bg":"","ocean_menu_social_hover_links_bg":"","ocean_menu_social_links_color":"","ocean_menu_social_hover_links_color":"","ocean_disable_title":"default","ocean_disable_heading":"default","ocean_post_title":"","ocean_post_subheading":"","ocean_post_title_style":"","ocean_post_title_background_color":"","ocean_post_title_background":0,"ocean_post_title_bg_image_position":"","ocean_post_title_bg_image_attachment":"","ocean_post_title_bg_image_repeat":"","ocean_post_title_bg_image_size":"","ocean_post_title_height":0,"ocean_post_title_bg_overlay":0.5,"ocean_post_title_bg_overlay_color":"","ocean_disable_breadcrumbs":"default","ocean_breadcrumbs_color":"","ocean_breadcrumbs_separator_color":"","ocean_breadcrumbs_links_color":"","ocean_breadcrumbs_links_hover_color":"","ocean_display_footer_widgets":"default","ocean_display_footer_bottom":"default","ocean_custom_footer_template":"0","footnotes":""},"class_list":["post-114","page","type-page","status-publish","hentry","entry"],"yoast_head":"<!-- This site is optimized with the Yoast SEO plugin v23.4 - https:\/\/yoast.com\/wordpress\/plugins\/seo\/ -->\n<title>Nos activit\u00e9s - SCI Moukouti<\/title>\n<meta name=\"robots\" content=\"index, follow, max-snippet:-1, max-image-preview:large, max-video-preview:-1\" \/>\n<link rel=\"canonical\" href=\"https:\/\/hpo-moukouti.com\/index.php\/nos-activites\/\" \/>\n<meta property=\"og:locale\" content=\"fr_FR\" \/>\n<meta property=\"og:type\" content=\"article\" \/>\n<meta property=\"og:title\" content=\"Nos activit\u00e9s - SCI Moukouti\" \/>\n<meta property=\"og:description\" content=\"Nos activit\u00e9s Le transport de mati\u00e8res dangereuses, telles que les hydrocarbures, impose un contr\u00f4le permanent des activit\u00e9s pour la s\u00e9curit\u00e9 des hommes, la fiabilit\u00e9 du mat\u00e9riel et le respect de l\u2019environnement Depuis le rachat de la soci\u00e9t\u00e9 en 2021 par le Groupe HPO &amp; ASSOCI\u00c9S, nous nous effor\u00e7ons d\u2019op\u00e9rer dans le respect des cahiers des [&hellip;]\" \/>\n<meta property=\"og:url\" content=\"https:\/\/hpo-moukouti.com\/index.php\/nos-activites\/\" \/>\n<meta property=\"og:site_name\" content=\"SCI Moukouti\" \/>\n<meta property=\"article:modified_time\" content=\"2022-10-29T12:54:06+00:00\" \/>\n<meta property=\"og:image\" content=\"https:\/\/hpo-moukouti.com\/wp-content\/uploads\/2022\/10\/kl-main-building-d-Kopie-e1666206809130-1024x653.jpg\" \/>\n<meta name=\"twitter:card\" content=\"summary_large_image\" \/>\n<meta name=\"twitter:label1\" content=\"Dur\u00e9e de lecture estim\u00e9e\" \/>\n\t<meta name=\"twitter:data1\" content=\"1 minute\" \/>\n<script type=\"application\/ld+json\" class=\"yoast-schema-graph\">{\"@context\":\"https:\/\/schema.org\",\"@graph\":[{\"@type\":\"WebPage\",\"@id\":\"https:\/\/hpo-moukouti.com\/index.php\/nos-activites\/\",\"url\":\"https:\/\/hpo-moukouti.com\/index.php\/nos-activites\/\",\"name\":\"Nos activit\u00e9s - SCI Moukouti\",\"isPartOf\":{\"@id\":\"https:\/\/hpo-moukouti.com\/#website\"},\"primaryImageOfPage\":{\"@id\":\"https:\/\/hpo-moukouti.com\/index.php\/nos-activites\/#primaryimage\"},\"image\":{\"@id\":\"https:\/\/hpo-moukouti.com\/index.php\/nos-activites\/#primaryimage\"},\"thumbnailUrl\":\"https:\/\/hpo-moukouti.com\/wp-content\/uploads\/2022\/10\/kl-main-building-d-Kopie-e1666206809130-1024x653.jpg\",\"datePublished\":\"2022-10-19T19:49:56+00:00\",\"dateModified\":\"2022-10-29T12:54:06+00:00\",\"breadcrumb\":{\"@id\":\"https:\/\/hpo-moukouti.com\/index.php\/nos-activites\/#breadcrumb\"},\"inLanguage\":\"fr-FR\",\"potentialAction\":[{\"@type\":\"ReadAction\",\"target\":[\"https:\/\/hpo-moukouti.com\/index.php\/nos-activites\/\"]}]},{\"@type\":\"ImageObject\",\"inLanguage\":\"fr-FR\",\"@id\":\"https:\/\/hpo-moukouti.com\/index.php\/nos-activites\/#primaryimage\",\"url\":\"https:\/\/hpo-moukouti.com\/wp-content\/uploads\/2022\/10\/kl-main-building-d-Kopie-e1666206809130-1024x653.jpg\",\"contentUrl\":\"https:\/\/hpo-moukouti.com\/wp-content\/uploads\/2022\/10\/kl-main-building-d-Kopie-e1666206809130-1024x653.jpg\"},{\"@type\":\"BreadcrumbList\",\"@id\":\"https:\/\/hpo-moukouti.com\/index.php\/nos-activites\/#breadcrumb\",\"itemListElement\":[{\"@type\":\"ListItem\",\"position\":1,\"name\":\"Accueil\",\"item\":\"https:\/\/hpo-moukouti.com\/\"},{\"@type\":\"ListItem\",\"position\":2,\"name\":\"Nos activit\u00e9s\"}]},{\"@type\":\"WebSite\",\"@id\":\"https:\/\/hpo-moukouti.com\/#website\",\"url\":\"https:\/\/hpo-moukouti.com\/\",\"name\":\"SCI Moukouti\",\"description\":\"\",\"publisher\":{\"@id\":\"https:\/\/hpo-moukouti.com\/#organization\"},\"potentialAction\":[{\"@type\":\"SearchAction\",\"target\":{\"@type\":\"EntryPoint\",\"urlTemplate\":\"https:\/\/hpo-moukouti.com\/?s={search_term_string}\"},\"query-input\":{\"@type\":\"PropertyValueSpecification\",\"valueRequired\":true,\"valueName\":\"search_term_string\"}}],\"inLanguage\":\"fr-FR\"},{\"@type\":\"Organization\",\"@id\":\"https:\/\/hpo-moukouti.com\/#organization\",\"name\":\"SCI Moukouti\",\"url\":\"https:\/\/hpo-moukouti.com\/\",\"logo\":{\"@type\":\"ImageObject\",\"inLanguage\":\"fr-FR\",\"@id\":\"https:\/\/hpo-moukouti.com\/#\/schema\/logo\/image\/\",\"url\":\"https:\/\/hpo-moukouti.com\/wp-content\/uploads\/2023\/01\/LOGO-HPO-MOUKOUTI-2-1.png\",\"contentUrl\":\"https:\/\/hpo-moukouti.com\/wp-content\/uploads\/2023\/01\/LOGO-HPO-MOUKOUTI-2-1.png\",\"width\":696,\"height\":737,\"caption\":\"SCI Moukouti\"},\"image\":{\"@id\":\"https:\/\/hpo-moukouti.com\/#\/schema\/logo\/image\/\"}}]}<\/script>\n<!-- \/ Yoast SEO plugin. -->","yoast_head_json":{"title":"Nos activit\u00e9s - SCI Moukouti","robots":{"index":"index","follow":"follow","max-snippet":"max-snippet:-1","max-image-preview":"max-image-preview:large","max-video-preview":"max-video-preview:-1"},"canonical":"https:\/\/hpo-moukouti.com\/index.php\/nos-activites\/","og_locale":"fr_FR","og_type":"article","og_title":"Nos activit\u00e9s - SCI Moukouti","og_description":"Nos activit\u00e9s Le transport de mati\u00e8res dangereuses, telles que les hydrocarbures, impose un contr\u00f4le permanent des activit\u00e9s pour la s\u00e9curit\u00e9 des hommes, la fiabilit\u00e9 du mat\u00e9riel et le respect de l\u2019environnement Depuis le rachat de la soci\u00e9t\u00e9 en 2021 par le Groupe HPO &amp; ASSOCI\u00c9S, nous nous effor\u00e7ons d\u2019op\u00e9rer dans le respect des cahiers des [&hellip;]","og_url":"https:\/\/hpo-moukouti.com\/index.php\/nos-activites\/","og_site_name":"SCI Moukouti","article_modified_time":"2022-10-29T12:54:06+00:00","og_image":[{"url":"https:\/\/hpo-moukouti.com\/wp-content\/uploads\/2022\/10\/kl-main-building-d-Kopie-e1666206809130-1024x653.jpg"}],"twitter_card":"summary_large_image","twitter_misc":{"Dur\u00e9e de lecture estim\u00e9e":"1 minute"},"schema":{"@context":"https:\/\/schema.org","@graph":[{"@type":"WebPage","@id":"https:\/\/hpo-moukouti.com\/index.php\/nos-activites\/","url":"https:\/\/hpo-moukouti.com\/index.php\/nos-activites\/","name":"Nos activit\u00e9s - SCI Moukouti","isPartOf":{"@id":"https:\/\/hpo-moukouti.com\/#website"},"primaryImageOfPage":{"@id":"https:\/\/hpo-moukouti.com\/index.php\/nos-activites\/#primaryimage"},"image":{"@id":"https:\/\/hpo-moukouti.com\/index.php\/nos-activites\/#primaryimage"},"thumbnailUrl":"https:\/\/hpo-moukouti.com\/wp-content\/uploads\/2022\/10\/kl-main-building-d-Kopie-e1666206809130-1024x653.jpg","datePublished":"2022-10-19T19:49:56+00:00","dateModified":"2022-10-29T12:54:06+00:00","breadcrumb":{"@id":"https:\/\/hpo-moukouti.com\/index.php\/nos-activites\/#breadcrumb"},"inLanguage":"fr-FR","potentialAction":[{"@type":"ReadAction","target":["https:\/\/hpo-moukouti.com\/index.php\/nos-activites\/"]}]},{"@type":"ImageObject","inLanguage":"fr-FR","@id":"https:\/\/hpo-moukouti.com\/index.php\/nos-activites\/#primaryimage","url":"https:\/\/hpo-moukouti.com\/wp-content\/uploads\/2022\/10\/kl-main-building-d-Kopie-e1666206809130-1024x653.jpg","contentUrl":"https:\/\/hpo-moukouti.com\/wp-content\/uploads\/2022\/10\/kl-main-building-d-Kopie-e1666206809130-1024x653.jpg"},{"@type":"BreadcrumbList","@id":"https:\/\/hpo-moukouti.com\/index.php\/nos-activites\/#breadcrumb","itemListElement":[{"@type":"ListItem","position":1,"name":"Accueil","item":"https:\/\/hpo-moukouti.com\/"},{"@type":"ListItem","position":2,"name":"Nos activit\u00e9s"}]},{"@type":"WebSite","@id":"https:\/\/hpo-moukouti.com\/#website","url":"https:\/\/hpo-moukouti.com\/","name":"SCI Moukouti","description":"","publisher":{"@id":"https:\/\/hpo-moukouti.com\/#organization"},"potentialAction":[{"@type":"SearchAction","target":{"@type":"EntryPoint","urlTemplate":"https:\/\/hpo-moukouti.com\/?s={search_term_string}"},"query-input":{"@type":"PropertyValueSpecification","valueRequired":true,"valueName":"search_term_string"}}],"inLanguage":"fr-FR"},{"@type":"Organization","@id":"https:\/\/hpo-moukouti.com\/#organization","name":"SCI Moukouti","url":"https:\/\/hpo-moukouti.com\/","logo":{"@type":"ImageObject","inLanguage":"fr-FR","@id":"https:\/\/hpo-moukouti.com\/#\/schema\/logo\/image\/","url":"https:\/\/hpo-moukouti.com\/wp-content\/uploads\/2023\/01\/LOGO-HPO-MOUKOUTI-2-1.png","contentUrl":"https:\/\/hpo-moukouti.com\/wp-content\/uploads\/2023\/01\/LOGO-HPO-MOUKOUTI-2-1.png","width":696,"height":737,"caption":"SCI Moukouti"},"image":{"@id":"https:\/\/hpo-moukouti.com\/#\/schema\/logo\/image\/"}}]}},"_links":{"self":[{"href":"https:\/\/hpo-moukouti.com\/index.php\/wp-json\/wp\/v2\/pages\/114","targetHints":{"allow":["GET"]}}],"collection":[{"href":"https:\/\/hpo-moukouti.com\/index.php\/wp-json\/wp\/v2\/pages"}],"about":[{"href":"https:\/\/hpo-moukouti.com\/index.php\/wp-json\/wp\/v2\/types\/page"}],"author":[{"embeddable":true,"href":"https:\/\/hpo-moukouti.com\/index.php\/wp-json\/wp\/v2\/users\/1"}],"replies":[{"embeddable":true,"href":"https:\/\/hpo-moukouti.com\/index.php\/wp-json\/wp\/v2\/comments?post=114"}],"version-history":[{"count":24,"href":"https:\/\/hpo-moukouti.com\/index.php\/wp-json\/wp\/v2\/pages\/114\/revisions"}],"predecessor-version":[{"id":605,"href":"https:\/\/hpo-moukouti.com\/index.php\/wp-json\/wp\/v2\/pages\/114\/revisions\/605"}],"wp:attachment":[{"href":"https:\/\/hpo-moukouti.com\/index.php\/wp-json\/wp\/v2\/media?parent=114"}],"curies":[{"name":"wp","href":"https:\/\/api.w.org\/{rel}","templated":true}]}}