{"id":390,"date":"2022-10-28T09:13:32","date_gmt":"2022-10-28T09:13:32","guid":{"rendered":"https:\/\/hpo-moukouti.com\/?page_id=390"},"modified":"2023-07-11T07:42:13","modified_gmt":"2023-07-11T07:42:13","slug":"offres-demplois","status":"publish","type":"page","link":"https:\/\/hpo-moukouti.com\/index.php\/offres-demplois\/","title":{"rendered":"Offres d\u2019emplois"},"content":{"rendered":"\t\t<div data-elementor-type=\"wp-page\" data-elementor-id=\"390\" class=\"elementor elementor-390\">\n\t\t\t\t\t\t<section class=\"elementor-section elementor-top-section elementor-element elementor-element-d64701f elementor-section-full_width elementor-section-height-min-height elementor-section-stretched elementor-reverse-mobile elementor-section-height-default elementor-section-items-middle\" data-id=\"d64701f\" data-element_type=\"section\" data-settings=\"{&quot;stretch_section&quot;:&quot;section-stretched&quot;,&quot;background_background&quot;:&quot;classic&quot;}\">\n\t\t\t\t\t\t<div class=\"elementor-container elementor-column-gap-default\">\n\t\t\t\t\t<div class=\"elementor-column elementor-col-50 elementor-top-column elementor-element elementor-element-e228b81\" data-id=\"e228b81\" data-element_type=\"column\">\n\t\t\t<div class=\"elementor-widget-wrap elementor-element-populated\">\n\t\t\t\t\t\t<section class=\"elementor-section elementor-inner-section elementor-element elementor-element-7c69871 elementor-section-boxed elementor-section-height-default elementor-section-height-default\" data-id=\"7c69871\" data-element_type=\"section\">\n\t\t\t\t\t\t<div class=\"elementor-container elementor-column-gap-default\">\n\t\t\t\t\t<div class=\"elementor-column elementor-col-50 elementor-inner-column elementor-element elementor-element-58fdcad\" data-id=\"58fdcad\" data-element_type=\"column\">\n\t\t\t<div class=\"elementor-widget-wrap\">\n\t\t\t\t\t\t\t<\/div>\n\t\t<\/div>\n\t\t\t\t<div class=\"elementor-column elementor-col-50 elementor-inner-column elementor-element elementor-element-81cc7a7\" data-id=\"81cc7a7\" data-element_type=\"column\">\n\t\t\t<div class=\"elementor-widget-wrap elementor-element-populated\">\n\t\t\t\t\t\t<div class=\"elementor-element elementor-element-a1ae0da elementor-widget elementor-widget-heading\" data-id=\"a1ae0da\" data-element_type=\"widget\" data-widget_type=\"heading.default\">\n\t\t\t\t<div class=\"elementor-widget-container\">\n\t\t\t<h2 class=\"elementor-heading-title elementor-size-default\">offres d\u2019emploi<\/h2>\t\t<\/div>\n\t\t\t\t<\/div>\n\t\t\t\t\t<\/div>\n\t\t<\/div>\n\t\t\t\t\t<\/div>\n\t\t<\/section>\n\t\t\t\t\t<\/div>\n\t\t<\/div>\n\t\t\t\t<div class=\"elementor-column elementor-col-50 elementor-top-column elementor-element elementor-element-cbb287f\" data-id=\"cbb287f\" data-element_type=\"column\" data-settings=\"{&quot;background_background&quot;:&quot;classic&quot;}\">\n\t\t\t<div class=\"elementor-widget-wrap elementor-element-populated\">\n\t\t\t\t\t\t<div class=\"elementor-element elementor-element-774d5eb elementor-widget elementor-widget-image\" data-id=\"774d5eb\" data-element_type=\"widget\" data-widget_type=\"image.default\">\n\t\t\t\t<div class=\"elementor-widget-container\">\n\t\t\t\t\t\t\t\t\t\t\t\t\t<img fetchpriority=\"high\" decoding=\"async\" width=\"1024\" height=\"653\" src=\"https:\/\/hpo-moukouti.com\/wp-content\/uploads\/2022\/10\/kl-main-building-d-Kopie-e1666206809130-1024x653.jpg\" class=\"attachment-large size-large wp-image-102\" alt=\"\" \/>\t\t\t\t\t\t\t\t\t\t\t\t\t<\/div>\n\t\t\t\t<\/div>\n\t\t\t\t\t<\/div>\n\t\t<\/div>\n\t\t\t\t\t<\/div>\n\t\t<\/section>\n\t\t\t\t<section class=\"elementor-section elementor-top-section elementor-element elementor-element-f2b01bc elementor-section-full_width elementor-section-stretched elementor-section-height-default elementor-section-height-default\" data-id=\"f2b01bc\" data-element_type=\"section\" data-settings=\"{&quot;stretch_section&quot;:&quot;section-stretched&quot;}\">\n\t\t\t\t\t\t\t<div class=\"elementor-background-overlay\"><\/div>\n\t\t\t\t\t\t\t<div class=\"elementor-container elementor-column-gap-default\">\n\t\t\t\t\t<div class=\"elementor-column elementor-col-100 elementor-top-column elementor-element elementor-element-1176263\" data-id=\"1176263\" data-element_type=\"column\">\n\t\t\t<div class=\"elementor-widget-wrap elementor-element-populated\">\n\t\t\t\t\t\t<div class=\"elementor-element elementor-element-92347ce elementor-widget elementor-widget-spacer\" data-id=\"92347ce\" data-element_type=\"widget\" data-widget_type=\"spacer.default\">\n\t\t\t\t<div class=\"elementor-widget-container\">\n\t\t\t\t\t<div class=\"elementor-spacer\">\n\t\t\t<div class=\"elementor-spacer-inner\"><\/div>\n\t\t<\/div>\n\t\t\t\t<\/div>\n\t\t\t\t<\/div>\n\t\t\t\t<section class=\"elementor-section elementor-inner-section elementor-element elementor-element-0bb8271 elementor-section-boxed elementor-section-height-default elementor-section-height-default\" data-id=\"0bb8271\" data-element_type=\"section\">\n\t\t\t\t\t\t<div class=\"elementor-container elementor-column-gap-default\">\n\t\t\t\t\t<div class=\"elementor-column elementor-col-100 elementor-inner-column elementor-element elementor-element-f02312d\" data-id=\"f02312d\" data-element_type=\"column\">\n\t\t\t<div class=\"elementor-widget-wrap elementor-element-populated\">\n\t\t\t\t\t\t<div class=\"elementor-element elementor-element-7fc69f0 elementor-widget elementor-widget-text-editor\" data-id=\"7fc69f0\" data-element_type=\"widget\" data-widget_type=\"text-editor.default\">\n\t\t\t\t<div class=\"elementor-widget-container\">\n\t\t\t\t\t\t\t<p>Au sein d\u2019un Groupe restructur\u00e9, aux \u00e9quipes multiculturelles, vous participerez \u00e0 l\u2019expansion d\u2019une entreprise locale africaine \u00e0 vis\u00e9e internationale.<\/p>\t\t\t\t\t\t<\/div>\n\t\t\t\t<\/div>\n\t\t\t\t<div class=\"elementor-element elementor-element-72fb663 elementor-icon-list--layout-traditional elementor-list-item-link-full_width elementor-invisible elementor-widget elementor-widget-icon-list\" data-id=\"72fb663\" data-element_type=\"widget\" data-settings=\"{&quot;_animation&quot;:&quot;fadeInLeft&quot;}\" data-widget_type=\"icon-list.default\">\n\t\t\t\t<div class=\"elementor-widget-container\">\n\t\t\t\t\t<ul class=\"elementor-icon-list-items\">\n\t\t\t\t\t\t\t<li class=\"elementor-icon-list-item\">\n\t\t\t\t\t\t\t\t\t\t\t<span class=\"elementor-icon-list-icon\">\n\t\t\t\t\t\t\t<i aria-hidden=\"true\" class=\"fas fa-hand-point-right\"><\/i>\t\t\t\t\t\t<\/span>\n\t\t\t\t\t\t\t\t\t\t<span class=\"elementor-icon-list-text\">Postes \u00e0 pourvoir actuellement \u2013 CV et LM \u00e0 [careers@hpo-moukouti.com]<\/span>\n\t\t\t\t\t\t\t\t\t<\/li>\n\t\t\t\t\t\t<\/ul>\n\t\t\t\t<\/div>\n\t\t\t\t<\/div>\n\t\t\t\t<div class=\"elementor-element elementor-element-c586873 elementor-widget elementor-widget-eael-adv-accordion\" data-id=\"c586873\" data-element_type=\"widget\" data-widget_type=\"eael-adv-accordion.default\">\n\t\t\t\t<div class=\"elementor-widget-container\">\n\t\t\t        <div class=\"eael-adv-accordion\" id=\"eael-adv-accordion-c586873\" data-scroll-on-click=\"no\" data-scroll-speed=\"300\" data-accordion-id=\"c586873\" data-accordion-type=\"accordion\" data-toogle-speed=\"300\">\n    <div class=\"eael-accordion-list\">\n                <div id=\"offre-3\" class=\"elementor-tab-title eael-accordion-header\" tabindex=\"0\" data-tab=\"3\" aria-controls=\"elementor-tab-content-2073\"><span class=\"eael-advanced-accordion-icon-closed\"><i aria-hidden=\"true\" class=\"fa-accordion-icon fas fa-plus\"><\/i><\/span><span class=\"eael-advanced-accordion-icon-opened\"><i aria-hidden=\"true\" class=\"fa-accordion-icon fas fa-minus\"><\/i><\/span><span class=\"eael-accordion-tab-title\">Offre 3<\/span><i aria-hidden=\"true\" class=\"fa-toggle fas fa-angle-right\"><\/i><\/div><div id=\"elementor-tab-content-2073\" class=\"eael-accordion-content clearfix\" data-tab=\"3\" aria-labelledby=\"offre-3\">Lorem ipsum dolor sit amet, consectetur adipisicing elit. Optio, neque qui velit. Magni dolorum quidem ipsam eligendi, totam, facilis laudantium cum accusamus ullam voluptatibus commodi numquam, error, est. Ea, consequatur.<\/div>\n                <\/div><\/div>\t\t<\/div>\n\t\t\t\t<\/div>\n\t\t\t\t\t<\/div>\n\t\t<\/div>\n\t\t\t\t\t<\/div>\n\t\t<\/section>\n\t\t\t\t\t<\/div>\n\t\t<\/div>\n\t\t\t\t\t<\/div>\n\t\t<\/section>\n\t\t\t\t<section class=\"elementor-section elementor-top-section elementor-element elementor-element-5687da8 elementor-section-boxed elementor-section-height-default elementor-section-height-default\" data-id=\"5687da8\" data-element_type=\"section\">\n\t\t\t\t\t\t<div class=\"elementor-container elementor-column-gap-default\">\n\t\t\t\t\t<div class=\"elementor-column elementor-col-100 elementor-top-column elementor-element elementor-element-066a211\" data-id=\"066a211\" data-element_type=\"column\">\n\t\t\t<div class=\"elementor-widget-wrap elementor-element-populated\">\n\t\t\t\t\t\t<div class=\"elementor-element elementor-element-4958250 elementor-widget elementor-widget-accordion\" data-id=\"4958250\" data-element_type=\"widget\" data-widget_type=\"accordion.default\">\n\t\t\t\t<div class=\"elementor-widget-container\">\n\t\t\t\t\t<div class=\"elementor-accordion\">\n\t\t\t\t\t\t\t<div class=\"elementor-accordion-item\">\n\t\t\t\t\t<div id=\"elementor-tab-title-7691\" class=\"elementor-tab-title\" data-tab=\"1\" role=\"button\" aria-controls=\"elementor-tab-content-7691\" aria-expanded=\"false\">\n\t\t\t\t\t\t\t\t\t\t\t\t\t<span class=\"elementor-accordion-icon elementor-accordion-icon-left\" aria-hidden=\"true\">\n\t\t\t\t\t\t\t\t\t\t\t\t\t\t\t<span class=\"elementor-accordion-icon-closed\"><i class=\"fas fa-plus\"><\/i><\/span>\n\t\t\t\t\t\t\t\t<span class=\"elementor-accordion-icon-opened\"><i class=\"fas fa-minus\"><\/i><\/span>\n\t\t\t\t\t\t\t\t\t\t\t\t\t\t<\/span>\n\t\t\t\t\t\t\t\t\t\t\t\t<a class=\"elementor-accordion-title\" tabindex=\"0\">Accord\u00e9on #1<\/a>\n\t\t\t\t\t<\/div>\n\t\t\t\t\t<div id=\"elementor-tab-content-7691\" class=\"elementor-tab-content elementor-clearfix\" data-tab=\"1\" role=\"region\" aria-labelledby=\"elementor-tab-title-7691\">Lorem ipsum dolor sit amet, consectetur adipiscing elit. Ut elit tellus, luctus nec ullamcorper mattis, pulvinar dapibus leo.<\/div>\n\t\t\t\t<\/div>\n\t\t\t\t\t\t\t<div class=\"elementor-accordion-item\">\n\t\t\t\t\t<div id=\"elementor-tab-title-7692\" class=\"elementor-tab-title\" data-tab=\"2\" role=\"button\" aria-controls=\"elementor-tab-content-7692\" aria-expanded=\"false\">\n\t\t\t\t\t\t\t\t\t\t\t\t\t<span class=\"elementor-accordion-icon elementor-accordion-icon-left\" aria-hidden=\"true\">\n\t\t\t\t\t\t\t\t\t\t\t\t\t\t\t<span class=\"elementor-accordion-icon-closed\"><i class=\"fas fa-plus\"><\/i><\/span>\n\t\t\t\t\t\t\t\t<span class=\"elementor-accordion-icon-opened\"><i class=\"fas fa-minus\"><\/i><\/span>\n\t\t\t\t\t\t\t\t\t\t\t\t\t\t<\/span>\n\t\t\t\t\t\t\t\t\t\t\t\t<a class=\"elementor-accordion-title\" tabindex=\"0\">Accord\u00e9on #2<\/a>\n\t\t\t\t\t<\/div>\n\t\t\t\t\t<div id=\"elementor-tab-content-7692\" class=\"elementor-tab-content elementor-clearfix\" data-tab=\"2\" role=\"region\" aria-labelledby=\"elementor-tab-title-7692\">Lorem ipsum dolor sit amet, consectetur adipiscing elit. Ut elit tellus, luctus nec ullamcorper mattis, pulvinar dapibus leo.<\/div>\n\t\t\t\t<\/div>\n\t\t\t\t\t\t\t\t<\/div>\n\t\t\t\t<\/div>\n\t\t\t\t<\/div>\n\t\t\t\t\t<\/div>\n\t\t<\/div>\n\t\t\t\t\t<\/div>\n\t\t<\/section>\n\t\t\t\t<\/div>\n\t\t","protected":false},"excerpt":{"rendered":"<p>offres d\u2019emploi Au sein d\u2019un Groupe restructur\u00e9, aux \u00e9quipes multiculturelles, vous participerez \u00e0 l\u2019expansion d\u2019une entreprise locale africaine \u00e0 vis\u00e9e internationale. Postes \u00e0 pourvoir actuellement \u2013 CV et LM \u00e0 [careers@hpo-moukouti.com] Offre 1 Offre 2 Offre 3 Lorem ipsum dolor sit amet, consectetur adipisicing elit. Optio, neque qui velit. Magni dolorum quidem ipsam eligendi, totam, [&hellip;]<\/p>\n","protected":false},"author":1,"featured_media":0,"parent":0,"menu_order":0,"comment_status":"closed","ping_status":"closed","template":"","meta":{"ocean_post_layout":"full-width","ocean_both_sidebars_style":"","ocean_both_sidebars_content_width":0,"ocean_both_sidebars_sidebars_width":0,"ocean_sidebar":"0","ocean_second_sidebar":"0","ocean_disable_margins":"enable","ocean_add_body_class":"","ocean_shortcode_before_top_bar":"","ocean_shortcode_after_top_bar":"","ocean_shortcode_before_header":"","ocean_shortcode_after_header":"","ocean_has_shortcode":"","ocean_shortcode_after_title":"","ocean_shortcode_before_footer_widgets":"","ocean_shortcode_after_footer_widgets":"","ocean_shortcode_before_footer_bottom":"","ocean_shortcode_after_footer_bottom":"","ocean_display_top_bar":"default","ocean_display_header":"default","ocean_header_style":"","ocean_center_header_left_menu":"0","ocean_custom_header_template":"0","ocean_custom_logo":0,"ocean_custom_retina_logo":0,"ocean_custom_logo_max_width":0,"ocean_custom_logo_tablet_max_width":0,"ocean_custom_logo_mobile_max_width":0,"ocean_custom_logo_max_height":0,"ocean_custom_logo_tablet_max_height":0,"ocean_custom_logo_mobile_max_height":0,"ocean_header_custom_menu":"0","ocean_menu_typo_font_family":"0","ocean_menu_typo_font_subset":"","ocean_menu_typo_font_size":0,"ocean_menu_typo_font_size_tablet":0,"ocean_menu_typo_font_size_mobile":0,"ocean_menu_typo_font_size_unit":"px","ocean_menu_typo_font_weight":"","ocean_menu_typo_font_weight_tablet":"","ocean_menu_typo_font_weight_mobile":"","ocean_menu_typo_transform":"","ocean_menu_typo_transform_tablet":"","ocean_menu_typo_transform_mobile":"","ocean_menu_typo_line_height":0,"ocean_menu_typo_line_height_tablet":0,"ocean_menu_typo_line_height_mobile":0,"ocean_menu_typo_line_height_unit":"","ocean_menu_typo_spacing":0,"ocean_menu_typo_spacing_tablet":0,"ocean_menu_typo_spacing_mobile":0,"ocean_menu_typo_spacing_unit":"","ocean_menu_link_color":"","ocean_menu_link_color_hover":"","ocean_menu_link_color_active":"","ocean_menu_link_background":"","ocean_menu_link_hover_background":"","ocean_menu_link_active_background":"","ocean_menu_social_links_bg":"","ocean_menu_social_hover_links_bg":"","ocean_menu_social_links_color":"","ocean_menu_social_hover_links_color":"","ocean_disable_title":"default","ocean_disable_heading":"default","ocean_post_title":"","ocean_post_subheading":"","ocean_post_title_style":"","ocean_post_title_background_color":"","ocean_post_title_background":0,"ocean_post_title_bg_image_position":"","ocean_post_title_bg_image_attachment":"","ocean_post_title_bg_image_repeat":"","ocean_post_title_bg_image_size":"","ocean_post_title_height":0,"ocean_post_title_bg_overlay":0.5,"ocean_post_title_bg_overlay_color":"","ocean_disable_breadcrumbs":"default","ocean_breadcrumbs_color":"","ocean_breadcrumbs_separator_color":"","ocean_breadcrumbs_links_color":"","ocean_breadcrumbs_links_hover_color":"","ocean_display_footer_widgets":"default","ocean_display_footer_bottom":"default","ocean_custom_footer_template":"0","footnotes":""},"class_list":["post-390","page","type-page","status-publish","hentry","entry"],"yoast_head":"<!-- This site is optimized with the Yoast SEO plugin v23.4 - https:\/\/yoast.com\/wordpress\/plugins\/seo\/ -->\n<title>Offres d\u2019emplois - SCI Moukouti<\/title>\n<meta name=\"robots\" content=\"index, follow, max-snippet:-1, max-image-preview:large, max-video-preview:-1\" \/>\n<link rel=\"canonical\" href=\"https:\/\/hpo-moukouti.com\/index.php\/offres-demplois\/\" \/>\n<meta property=\"og:locale\" content=\"fr_FR\" \/>\n<meta property=\"og:type\" content=\"article\" \/>\n<meta property=\"og:title\" content=\"Offres d\u2019emplois - SCI Moukouti\" \/>\n<meta property=\"og:description\" content=\"offres d\u2019emploi Au sein d\u2019un Groupe restructur\u00e9, aux \u00e9quipes multiculturelles, vous participerez \u00e0 l\u2019expansion d\u2019une entreprise locale africaine \u00e0 vis\u00e9e internationale. Postes \u00e0 pourvoir actuellement \u2013 CV et LM \u00e0 [careers@hpo-moukouti.com] Offre 1 Offre 2 Offre 3 Lorem ipsum dolor sit amet, consectetur adipisicing elit. Optio, neque qui velit. Magni dolorum quidem ipsam eligendi, totam, [&hellip;]\" \/>\n<meta property=\"og:url\" content=\"https:\/\/hpo-moukouti.com\/index.php\/offres-demplois\/\" \/>\n<meta property=\"og:site_name\" content=\"SCI Moukouti\" \/>\n<meta property=\"article:modified_time\" content=\"2023-07-11T07:42:13+00:00\" \/>\n<meta property=\"og:image\" content=\"https:\/\/hpo-moukouti.com\/wp-content\/uploads\/2022\/10\/kl-main-building-d-Kopie-e1666206809130-1024x653.jpg\" \/>\n<meta name=\"twitter:card\" content=\"summary_large_image\" \/>\n<meta name=\"twitter:label1\" content=\"Dur\u00e9e de lecture estim\u00e9e\" \/>\n\t<meta name=\"twitter:data1\" content=\"1 minute\" \/>\n<script type=\"application\/ld+json\" class=\"yoast-schema-graph\">{\"@context\":\"https:\/\/schema.org\",\"@graph\":[{\"@type\":\"WebPage\",\"@id\":\"https:\/\/hpo-moukouti.com\/index.php\/offres-demplois\/\",\"url\":\"https:\/\/hpo-moukouti.com\/index.php\/offres-demplois\/\",\"name\":\"Offres d\u2019emplois - SCI Moukouti\",\"isPartOf\":{\"@id\":\"https:\/\/hpo-moukouti.com\/#website\"},\"primaryImageOfPage\":{\"@id\":\"https:\/\/hpo-moukouti.com\/index.php\/offres-demplois\/#primaryimage\"},\"image\":{\"@id\":\"https:\/\/hpo-moukouti.com\/index.php\/offres-demplois\/#primaryimage\"},\"thumbnailUrl\":\"https:\/\/hpo-moukouti.com\/wp-content\/uploads\/2022\/10\/kl-main-building-d-Kopie-e1666206809130-1024x653.jpg\",\"datePublished\":\"2022-10-28T09:13:32+00:00\",\"dateModified\":\"2023-07-11T07:42:13+00:00\",\"breadcrumb\":{\"@id\":\"https:\/\/hpo-moukouti.com\/index.php\/offres-demplois\/#breadcrumb\"},\"inLanguage\":\"fr-FR\",\"potentialAction\":[{\"@type\":\"ReadAction\",\"target\":[\"https:\/\/hpo-moukouti.com\/index.php\/offres-demplois\/\"]}]},{\"@type\":\"ImageObject\",\"inLanguage\":\"fr-FR\",\"@id\":\"https:\/\/hpo-moukouti.com\/index.php\/offres-demplois\/#primaryimage\",\"url\":\"https:\/\/hpo-moukouti.com\/wp-content\/uploads\/2022\/10\/kl-main-building-d-Kopie-e1666206809130-1024x653.jpg\",\"contentUrl\":\"https:\/\/hpo-moukouti.com\/wp-content\/uploads\/2022\/10\/kl-main-building-d-Kopie-e1666206809130-1024x653.jpg\"},{\"@type\":\"BreadcrumbList\",\"@id\":\"https:\/\/hpo-moukouti.com\/index.php\/offres-demplois\/#breadcrumb\",\"itemListElement\":[{\"@type\":\"ListItem\",\"position\":1,\"name\":\"Accueil\",\"item\":\"https:\/\/hpo-moukouti.com\/\"},{\"@type\":\"ListItem\",\"position\":2,\"name\":\"Offres d\u2019emplois\"}]},{\"@type\":\"WebSite\",\"@id\":\"https:\/\/hpo-moukouti.com\/#website\",\"url\":\"https:\/\/hpo-moukouti.com\/\",\"name\":\"SCI Moukouti\",\"description\":\"\",\"publisher\":{\"@id\":\"https:\/\/hpo-moukouti.com\/#organization\"},\"potentialAction\":[{\"@type\":\"SearchAction\",\"target\":{\"@type\":\"EntryPoint\",\"urlTemplate\":\"https:\/\/hpo-moukouti.com\/?s={search_term_string}\"},\"query-input\":{\"@type\":\"PropertyValueSpecification\",\"valueRequired\":true,\"valueName\":\"search_term_string\"}}],\"inLanguage\":\"fr-FR\"},{\"@type\":\"Organization\",\"@id\":\"https:\/\/hpo-moukouti.com\/#organization\",\"name\":\"SCI Moukouti\",\"url\":\"https:\/\/hpo-moukouti.com\/\",\"logo\":{\"@type\":\"ImageObject\",\"inLanguage\":\"fr-FR\",\"@id\":\"https:\/\/hpo-moukouti.com\/#\/schema\/logo\/image\/\",\"url\":\"https:\/\/hpo-moukouti.com\/wp-content\/uploads\/2023\/01\/LOGO-HPO-MOUKOUTI-2-1.png\",\"contentUrl\":\"https:\/\/hpo-moukouti.com\/wp-content\/uploads\/2023\/01\/LOGO-HPO-MOUKOUTI-2-1.png\",\"width\":696,\"height\":737,\"caption\":\"SCI Moukouti\"},\"image\":{\"@id\":\"https:\/\/hpo-moukouti.com\/#\/schema\/logo\/image\/\"}}]}<\/script>\n<!-- \/ Yoast SEO plugin. -->","yoast_head_json":{"title":"Offres d\u2019emplois - SCI Moukouti","robots":{"index":"index","follow":"follow","max-snippet":"max-snippet:-1","max-image-preview":"max-image-preview:large","max-video-preview":"max-video-preview:-1"},"canonical":"https:\/\/hpo-moukouti.com\/index.php\/offres-demplois\/","og_locale":"fr_FR","og_type":"article","og_title":"Offres d\u2019emplois - SCI Moukouti","og_description":"offres d\u2019emploi Au sein d\u2019un Groupe restructur\u00e9, aux \u00e9quipes multiculturelles, vous participerez \u00e0 l\u2019expansion d\u2019une entreprise locale africaine \u00e0 vis\u00e9e internationale. Postes \u00e0 pourvoir actuellement \u2013 CV et LM \u00e0 [careers@hpo-moukouti.com] Offre 1 Offre 2 Offre 3 Lorem ipsum dolor sit amet, consectetur adipisicing elit. Optio, neque qui velit. Magni dolorum quidem ipsam eligendi, totam, [&hellip;]","og_url":"https:\/\/hpo-moukouti.com\/index.php\/offres-demplois\/","og_site_name":"SCI Moukouti","article_modified_time":"2023-07-11T07:42:13+00:00","og_image":[{"url":"https:\/\/hpo-moukouti.com\/wp-content\/uploads\/2022\/10\/kl-main-building-d-Kopie-e1666206809130-1024x653.jpg"}],"twitter_card":"summary_large_image","twitter_misc":{"Dur\u00e9e de lecture estim\u00e9e":"1 minute"},"schema":{"@context":"https:\/\/schema.org","@graph":[{"@type":"WebPage","@id":"https:\/\/hpo-moukouti.com\/index.php\/offres-demplois\/","url":"https:\/\/hpo-moukouti.com\/index.php\/offres-demplois\/","name":"Offres d\u2019emplois - SCI Moukouti","isPartOf":{"@id":"https:\/\/hpo-moukouti.com\/#website"},"primaryImageOfPage":{"@id":"https:\/\/hpo-moukouti.com\/index.php\/offres-demplois\/#primaryimage"},"image":{"@id":"https:\/\/hpo-moukouti.com\/index.php\/offres-demplois\/#primaryimage"},"thumbnailUrl":"https:\/\/hpo-moukouti.com\/wp-content\/uploads\/2022\/10\/kl-main-building-d-Kopie-e1666206809130-1024x653.jpg","datePublished":"2022-10-28T09:13:32+00:00","dateModified":"2023-07-11T07:42:13+00:00","breadcrumb":{"@id":"https:\/\/hpo-moukouti.com\/index.php\/offres-demplois\/#breadcrumb"},"inLanguage":"fr-FR","potentialAction":[{"@type":"ReadAction","target":["https:\/\/hpo-moukouti.com\/index.php\/offres-demplois\/"]}]},{"@type":"ImageObject","inLanguage":"fr-FR","@id":"https:\/\/hpo-moukouti.com\/index.php\/offres-demplois\/#primaryimage","url":"https:\/\/hpo-moukouti.com\/wp-content\/uploads\/2022\/10\/kl-main-building-d-Kopie-e1666206809130-1024x653.jpg","contentUrl":"https:\/\/hpo-moukouti.com\/wp-content\/uploads\/2022\/10\/kl-main-building-d-Kopie-e1666206809130-1024x653.jpg"},{"@type":"BreadcrumbList","@id":"https:\/\/hpo-moukouti.com\/index.php\/offres-demplois\/#breadcrumb","itemListElement":[{"@type":"ListItem","position":1,"name":"Accueil","item":"https:\/\/hpo-moukouti.com\/"},{"@type":"ListItem","position":2,"name":"Offres d\u2019emplois"}]},{"@type":"WebSite","@id":"https:\/\/hpo-moukouti.com\/#website","url":"https:\/\/hpo-moukouti.com\/","name":"SCI Moukouti","description":"","publisher":{"@id":"https:\/\/hpo-moukouti.com\/#organization"},"potentialAction":[{"@type":"SearchAction","target":{"@type":"EntryPoint","urlTemplate":"https:\/\/hpo-moukouti.com\/?s={search_term_string}"},"query-input":{"@type":"PropertyValueSpecification","valueRequired":true,"valueName":"search_term_string"}}],"inLanguage":"fr-FR"},{"@type":"Organization","@id":"https:\/\/hpo-moukouti.com\/#organization","name":"SCI Moukouti","url":"https:\/\/hpo-moukouti.com\/","logo":{"@type":"ImageObject","inLanguage":"fr-FR","@id":"https:\/\/hpo-moukouti.com\/#\/schema\/logo\/image\/","url":"https:\/\/hpo-moukouti.com\/wp-content\/uploads\/2023\/01\/LOGO-HPO-MOUKOUTI-2-1.png","contentUrl":"https:\/\/hpo-moukouti.com\/wp-content\/uploads\/2023\/01\/LOGO-HPO-MOUKOUTI-2-1.png","width":696,"height":737,"caption":"SCI Moukouti"},"image":{"@id":"https:\/\/hpo-moukouti.com\/#\/schema\/logo\/image\/"}}]}},"_links":{"self":[{"href":"https:\/\/hpo-moukouti.com\/index.php\/wp-json\/wp\/v2\/pages\/390","targetHints":{"allow":["GET"]}}],"collection":[{"href":"https:\/\/hpo-moukouti.com\/index.php\/wp-json\/wp\/v2\/pages"}],"about":[{"href":"https:\/\/hpo-moukouti.com\/index.php\/wp-json\/wp\/v2\/types\/page"}],"author":[{"embeddable":true,"href":"https:\/\/hpo-moukouti.com\/index.php\/wp-json\/wp\/v2\/users\/1"}],"replies":[{"embeddable":true,"href":"https:\/\/hpo-moukouti.com\/index.php\/wp-json\/wp\/v2\/comments?post=390"}],"version-history":[{"count":71,"href":"https:\/\/hpo-moukouti.com\/index.php\/wp-json\/wp\/v2\/pages\/390\/revisions"}],"predecessor-version":[{"id":1519,"href":"https:\/\/hpo-moukouti.com\/index.php\/wp-json\/wp\/v2\/pages\/390\/revisions\/1519"}],"wp:attachment":[{"href":"https:\/\/hpo-moukouti.com\/index.php\/wp-json\/wp\/v2\/media?parent=390"}],"curies":[{"name":"wp","href":"https:\/\/api.w.org\/{rel}","templated":true}]}}