{"id":791,"date":"2022-12-08T08:12:30","date_gmt":"2022-12-08T08:12:30","guid":{"rendered":"https:\/\/hpo-moukouti.com\/?page_id=791"},"modified":"2023-02-19T11:17:08","modified_gmt":"2023-02-19T11:17:08","slug":"vision-et-mission","status":"publish","type":"page","link":"https:\/\/hpo-moukouti.com\/index.php\/vision-et-mission\/","title":{"rendered":"Vision et mission"},"content":{"rendered":"\t\t<div data-elementor-type=\"wp-page\" data-elementor-id=\"791\" class=\"elementor elementor-791\">\n\t\t\t\t\t\t<section class=\"elementor-section elementor-top-section elementor-element elementor-element-d64701f elementor-section-full_width elementor-section-height-min-height elementor-section-stretched elementor-reverse-mobile elementor-section-height-default elementor-section-items-middle\" data-id=\"d64701f\" data-element_type=\"section\" data-settings=\"{&quot;stretch_section&quot;:&quot;section-stretched&quot;,&quot;background_background&quot;:&quot;classic&quot;}\">\n\t\t\t\t\t\t<div class=\"elementor-container elementor-column-gap-default\">\n\t\t\t\t\t<div class=\"elementor-column elementor-col-50 elementor-top-column elementor-element elementor-element-e228b81\" data-id=\"e228b81\" data-element_type=\"column\">\n\t\t\t<div class=\"elementor-widget-wrap elementor-element-populated\">\n\t\t\t\t\t\t<section class=\"elementor-section elementor-inner-section elementor-element elementor-element-7c69871 elementor-section-boxed elementor-section-height-default elementor-section-height-default\" data-id=\"7c69871\" data-element_type=\"section\">\n\t\t\t\t\t\t<div class=\"elementor-container elementor-column-gap-default\">\n\t\t\t\t\t<div class=\"elementor-column elementor-col-50 elementor-inner-column elementor-element elementor-element-58fdcad\" data-id=\"58fdcad\" data-element_type=\"column\">\n\t\t\t<div class=\"elementor-widget-wrap\">\n\t\t\t\t\t\t\t<\/div>\n\t\t<\/div>\n\t\t\t\t<div class=\"elementor-column elementor-col-50 elementor-inner-column elementor-element elementor-element-81cc7a7\" data-id=\"81cc7a7\" data-element_type=\"column\">\n\t\t\t<div class=\"elementor-widget-wrap elementor-element-populated\">\n\t\t\t\t\t\t<div class=\"elementor-element elementor-element-a1ae0da elementor-widget elementor-widget-heading\" data-id=\"a1ae0da\" data-element_type=\"widget\" data-widget_type=\"heading.default\">\n\t\t\t\t<div class=\"elementor-widget-container\">\n\t\t\t<h2 class=\"elementor-heading-title elementor-size-default\">Vision et missions<\/h2>\t\t<\/div>\n\t\t\t\t<\/div>\n\t\t\t\t\t<\/div>\n\t\t<\/div>\n\t\t\t\t\t<\/div>\n\t\t<\/section>\n\t\t\t\t\t<\/div>\n\t\t<\/div>\n\t\t\t\t<div class=\"elementor-column elementor-col-50 elementor-top-column elementor-element elementor-element-cbb287f\" data-id=\"cbb287f\" data-element_type=\"column\" data-settings=\"{&quot;background_background&quot;:&quot;classic&quot;}\">\n\t\t\t<div class=\"elementor-widget-wrap elementor-element-populated\">\n\t\t\t\t\t\t<div class=\"elementor-element elementor-element-774d5eb elementor-widget elementor-widget-image\" data-id=\"774d5eb\" data-element_type=\"widget\" data-widget_type=\"image.default\">\n\t\t\t\t<div class=\"elementor-widget-container\">\n\t\t\t\t\t\t\t\t\t\t\t\t\t<img fetchpriority=\"high\" decoding=\"async\" width=\"1024\" height=\"653\" src=\"https:\/\/hpo-moukouti.com\/wp-content\/uploads\/2022\/10\/kl-main-building-d-Kopie-e1666206809130-1024x653.jpg\" class=\"attachment-large size-large wp-image-102\" alt=\"\" \/>\t\t\t\t\t\t\t\t\t\t\t\t\t<\/div>\n\t\t\t\t<\/div>\n\t\t\t\t\t<\/div>\n\t\t<\/div>\n\t\t\t\t\t<\/div>\n\t\t<\/section>\n\t\t\t\t<section class=\"elementor-section elementor-top-section elementor-element elementor-element-bb63429 elementor-section-full_width elementor-section-stretched elementor-section-height-default elementor-section-height-default\" data-id=\"bb63429\" data-element_type=\"section\" data-settings=\"{&quot;stretch_section&quot;:&quot;section-stretched&quot;,&quot;background_background&quot;:&quot;classic&quot;}\">\n\t\t\t\t\t\t\t<div class=\"elementor-background-overlay\"><\/div>\n\t\t\t\t\t\t\t<div class=\"elementor-container elementor-column-gap-default\">\n\t\t\t\t\t<div class=\"elementor-column elementor-col-100 elementor-top-column elementor-element elementor-element-8b31026\" data-id=\"8b31026\" data-element_type=\"column\">\n\t\t\t<div class=\"elementor-widget-wrap elementor-element-populated\">\n\t\t\t\t\t\t<div class=\"elementor-element elementor-element-3200412 elementor-widget elementor-widget-spacer\" data-id=\"3200412\" data-element_type=\"widget\" data-widget_type=\"spacer.default\">\n\t\t\t\t<div class=\"elementor-widget-container\">\n\t\t\t\t\t<div class=\"elementor-spacer\">\n\t\t\t<div class=\"elementor-spacer-inner\"><\/div>\n\t\t<\/div>\n\t\t\t\t<\/div>\n\t\t\t\t<\/div>\n\t\t\t\t<section class=\"elementor-section elementor-inner-section elementor-element elementor-element-f325953 elementor-section-boxed elementor-section-height-default elementor-section-height-default\" data-id=\"f325953\" data-element_type=\"section\">\n\t\t\t\t\t\t<div class=\"elementor-container elementor-column-gap-default\">\n\t\t\t\t\t<div class=\"elementor-column elementor-col-100 elementor-inner-column elementor-element elementor-element-4135d5f\" data-id=\"4135d5f\" data-element_type=\"column\">\n\t\t\t<div class=\"elementor-widget-wrap elementor-element-populated\">\n\t\t\t\t\t\t<div class=\"elementor-element elementor-element-ff41c7c elementor-widget elementor-widget-text-editor\" data-id=\"ff41c7c\" data-element_type=\"widget\" data-widget_type=\"text-editor.default\">\n\t\t\t\t<div class=\"elementor-widget-container\">\n\t\t\t\t\t\t\t<p>Dans le cadre de sa vision et de ses missions, le Groupe <strong><a href=\"https:\/\/hpo-associes.com\/\">HPO &amp; Associ\u00e9s<\/a><\/strong> a pour effet final recherch\u00e9 la satisfaction et le progr\u00e8s mesurable des parties int\u00e9ress\u00e9es pertinentes ; que ces derni\u00e8res soient actionnaires, collaborateurs, fournisseurs, distributeurs ou consommateurs.<\/p><p>Le Groupe et ses filiales \u00e9noncent, pr\u00e9cisent et renforcent leur engagement et celui de leur personnel dans une d\u00e9marche d\u2019am\u00e9lioration continue de la qualit\u00e9 et de r\u00e9duction des co\u00fbts de non-qualit\u00e9.<\/p><p>Dans la perspective de sa conformit\u00e9 totale au syst\u00e8me de management de la qualit\u00e9 adoss\u00e9 \u00e0 la norme ISO 9001, version 2018, cette d\u00e9marche vise une meilleure comp\u00e9titivit\u00e9 de l\u2019ensemble du Groupe.<\/p>\t\t\t\t\t\t<\/div>\n\t\t\t\t<\/div>\n\t\t\t\t\t<\/div>\n\t\t<\/div>\n\t\t\t\t\t<\/div>\n\t\t<\/section>\n\t\t\t\t<section class=\"elementor-section elementor-inner-section elementor-element elementor-element-e4d86c3 elementor-section-boxed elementor-section-height-default elementor-section-height-default\" data-id=\"e4d86c3\" data-element_type=\"section\">\n\t\t\t\t\t\t<div class=\"elementor-container elementor-column-gap-default\">\n\t\t\t\t\t<div class=\"elementor-column elementor-col-33 elementor-inner-column elementor-element elementor-element-699ad60\" data-id=\"699ad60\" data-element_type=\"column\">\n\t\t\t<div class=\"elementor-widget-wrap\">\n\t\t\t\t\t\t\t<\/div>\n\t\t<\/div>\n\t\t\t\t<div class=\"elementor-column elementor-col-33 elementor-inner-column elementor-element elementor-element-a8829d1 elementor-invisible\" data-id=\"a8829d1\" data-element_type=\"column\" data-settings=\"{&quot;animation&quot;:&quot;fadeInUp&quot;}\">\n\t\t\t<div class=\"elementor-widget-wrap elementor-element-populated\">\n\t\t\t\t\t\t<div class=\"elementor-element elementor-element-79c1510 elementor-view-default elementor-position-top elementor-mobile-position-top elementor-widget elementor-widget-icon-box\" data-id=\"79c1510\" data-element_type=\"widget\" data-widget_type=\"icon-box.default\">\n\t\t\t\t<div class=\"elementor-widget-container\">\n\t\t\t\t\t<div class=\"elementor-icon-box-wrapper\">\n\n\t\t\t\t\t\t<div class=\"elementor-icon-box-icon\">\n\t\t\t\t<span  class=\"elementor-icon elementor-animation-\">\n\t\t\t\t<i aria-hidden=\"true\" class=\"icon icon-building\"><\/i>\t\t\t\t<\/span>\n\t\t\t<\/div>\n\t\t\t\n\t\t\t\t\t\t<div class=\"elementor-icon-box-content\">\n\n\t\t\t\t\t\t\t\t\t<h3 class=\"elementor-icon-box-title\">\n\t\t\t\t\t\t<span  >\n\t\t\t\t\t\t\tOffrir un service logement de qualit\u00e9 au plus grand nombre, ainsi se r\u00e9sume la mission principale de la SCI MOUKOUTI.\t\t\t\t\t\t<\/span>\n\t\t\t\t\t<\/h3>\n\t\t\t\t\n\t\t\t\t\n\t\t\t<\/div>\n\t\t\t\n\t\t<\/div>\n\t\t\t\t<\/div>\n\t\t\t\t<\/div>\n\t\t\t\t\t<\/div>\n\t\t<\/div>\n\t\t\t\t<div class=\"elementor-column elementor-col-33 elementor-inner-column elementor-element elementor-element-a0534d3\" data-id=\"a0534d3\" data-element_type=\"column\">\n\t\t\t<div class=\"elementor-widget-wrap\">\n\t\t\t\t\t\t\t<\/div>\n\t\t<\/div>\n\t\t\t\t\t<\/div>\n\t\t<\/section>\n\t\t\t\t\t<\/div>\n\t\t<\/div>\n\t\t\t\t\t<\/div>\n\t\t<\/section>\n\t\t\t\t<\/div>\n\t\t","protected":false},"excerpt":{"rendered":"<p>Vision et missions Dans le cadre de sa vision et de ses missions, le Groupe HPO &amp; Associ\u00e9s a pour effet final recherch\u00e9 la satisfaction et le progr\u00e8s mesurable des parties int\u00e9ress\u00e9es pertinentes ; que ces derni\u00e8res soient actionnaires, collaborateurs, fournisseurs, distributeurs ou consommateurs. Le Groupe et ses filiales \u00e9noncent, pr\u00e9cisent et renforcent leur engagement [&hellip;]<\/p>\n","protected":false},"author":1,"featured_media":0,"parent":0,"menu_order":0,"comment_status":"closed","ping_status":"closed","template":"","meta":{"ocean_post_layout":"full-width","ocean_both_sidebars_style":"","ocean_both_sidebars_content_width":0,"ocean_both_sidebars_sidebars_width":0,"ocean_sidebar":"0","ocean_second_sidebar":"0","ocean_disable_margins":"enable","ocean_add_body_class":"","ocean_shortcode_before_top_bar":"","ocean_shortcode_after_top_bar":"","ocean_shortcode_before_header":"","ocean_shortcode_after_header":"","ocean_has_shortcode":"","ocean_shortcode_after_title":"","ocean_shortcode_before_footer_widgets":"","ocean_shortcode_after_footer_widgets":"","ocean_shortcode_before_footer_bottom":"","ocean_shortcode_after_footer_bottom":"","ocean_display_top_bar":"default","ocean_display_header":"default","ocean_header_style":"","ocean_center_header_left_menu":"0","ocean_custom_header_template":"0","ocean_custom_logo":0,"ocean_custom_retina_logo":0,"ocean_custom_logo_max_width":0,"ocean_custom_logo_tablet_max_width":0,"ocean_custom_logo_mobile_max_width":0,"ocean_custom_logo_max_height":0,"ocean_custom_logo_tablet_max_height":0,"ocean_custom_logo_mobile_max_height":0,"ocean_header_custom_menu":"0","ocean_menu_typo_font_family":"0","ocean_menu_typo_font_subset":"","ocean_menu_typo_font_size":0,"ocean_menu_typo_font_size_tablet":0,"ocean_menu_typo_font_size_mobile":0,"ocean_menu_typo_font_size_unit":"px","ocean_menu_typo_font_weight":"","ocean_menu_typo_font_weight_tablet":"","ocean_menu_typo_font_weight_mobile":"","ocean_menu_typo_transform":"","ocean_menu_typo_transform_tablet":"","ocean_menu_typo_transform_mobile":"","ocean_menu_typo_line_height":0,"ocean_menu_typo_line_height_tablet":0,"ocean_menu_typo_line_height_mobile":0,"ocean_menu_typo_line_height_unit":"","ocean_menu_typo_spacing":0,"ocean_menu_typo_spacing_tablet":0,"ocean_menu_typo_spacing_mobile":0,"ocean_menu_typo_spacing_unit":"","ocean_menu_link_color":"","ocean_menu_link_color_hover":"","ocean_menu_link_color_active":"","ocean_menu_link_background":"","ocean_menu_link_hover_background":"","ocean_menu_link_active_background":"","ocean_menu_social_links_bg":"","ocean_menu_social_hover_links_bg":"","ocean_menu_social_links_color":"","ocean_menu_social_hover_links_color":"","ocean_disable_title":"default","ocean_disable_heading":"default","ocean_post_title":"","ocean_post_subheading":"","ocean_post_title_style":"","ocean_post_title_background_color":"","ocean_post_title_background":0,"ocean_post_title_bg_image_position":"","ocean_post_title_bg_image_attachment":"","ocean_post_title_bg_image_repeat":"","ocean_post_title_bg_image_size":"","ocean_post_title_height":0,"ocean_post_title_bg_overlay":0.5,"ocean_post_title_bg_overlay_color":"","ocean_disable_breadcrumbs":"default","ocean_breadcrumbs_color":"","ocean_breadcrumbs_separator_color":"","ocean_breadcrumbs_links_color":"","ocean_breadcrumbs_links_hover_color":"","ocean_display_footer_widgets":"default","ocean_display_footer_bottom":"default","ocean_custom_footer_template":"0","footnotes":""},"class_list":["post-791","page","type-page","status-publish","hentry","entry"],"yoast_head":"<!-- This site is optimized with the Yoast SEO plugin v23.4 - https:\/\/yoast.com\/wordpress\/plugins\/seo\/ -->\n<title>Vision et mission - SCI Moukouti<\/title>\n<meta name=\"robots\" content=\"index, follow, max-snippet:-1, max-image-preview:large, max-video-preview:-1\" \/>\n<link rel=\"canonical\" href=\"https:\/\/hpo-moukouti.com\/index.php\/vision-et-mission\/\" \/>\n<meta property=\"og:locale\" content=\"fr_FR\" \/>\n<meta property=\"og:type\" content=\"article\" \/>\n<meta property=\"og:title\" content=\"Vision et mission - SCI Moukouti\" \/>\n<meta property=\"og:description\" content=\"Vision et missions Dans le cadre de sa vision et de ses missions, le Groupe HPO &amp; Associ\u00e9s a pour effet final recherch\u00e9 la satisfaction et le progr\u00e8s mesurable des parties int\u00e9ress\u00e9es pertinentes ; que ces derni\u00e8res soient actionnaires, collaborateurs, fournisseurs, distributeurs ou consommateurs. Le Groupe et ses filiales \u00e9noncent, pr\u00e9cisent et renforcent leur engagement [&hellip;]\" \/>\n<meta property=\"og:url\" content=\"https:\/\/hpo-moukouti.com\/index.php\/vision-et-mission\/\" \/>\n<meta property=\"og:site_name\" content=\"SCI Moukouti\" \/>\n<meta property=\"article:modified_time\" content=\"2023-02-19T11:17:08+00:00\" \/>\n<meta property=\"og:image\" content=\"https:\/\/hpo-moukouti.com\/wp-content\/uploads\/2022\/10\/kl-main-building-d-Kopie-e1666206809130-1024x653.jpg\" \/>\n<meta name=\"twitter:card\" content=\"summary_large_image\" \/>\n<meta name=\"twitter:label1\" content=\"Dur\u00e9e de lecture estim\u00e9e\" \/>\n\t<meta name=\"twitter:data1\" content=\"1 minute\" \/>\n<script type=\"application\/ld+json\" class=\"yoast-schema-graph\">{\"@context\":\"https:\/\/schema.org\",\"@graph\":[{\"@type\":\"WebPage\",\"@id\":\"https:\/\/hpo-moukouti.com\/index.php\/vision-et-mission\/\",\"url\":\"https:\/\/hpo-moukouti.com\/index.php\/vision-et-mission\/\",\"name\":\"Vision et mission - SCI Moukouti\",\"isPartOf\":{\"@id\":\"https:\/\/hpo-moukouti.com\/#website\"},\"primaryImageOfPage\":{\"@id\":\"https:\/\/hpo-moukouti.com\/index.php\/vision-et-mission\/#primaryimage\"},\"image\":{\"@id\":\"https:\/\/hpo-moukouti.com\/index.php\/vision-et-mission\/#primaryimage\"},\"thumbnailUrl\":\"https:\/\/hpo-moukouti.com\/wp-content\/uploads\/2022\/10\/kl-main-building-d-Kopie-e1666206809130-1024x653.jpg\",\"datePublished\":\"2022-12-08T08:12:30+00:00\",\"dateModified\":\"2023-02-19T11:17:08+00:00\",\"breadcrumb\":{\"@id\":\"https:\/\/hpo-moukouti.com\/index.php\/vision-et-mission\/#breadcrumb\"},\"inLanguage\":\"fr-FR\",\"potentialAction\":[{\"@type\":\"ReadAction\",\"target\":[\"https:\/\/hpo-moukouti.com\/index.php\/vision-et-mission\/\"]}]},{\"@type\":\"ImageObject\",\"inLanguage\":\"fr-FR\",\"@id\":\"https:\/\/hpo-moukouti.com\/index.php\/vision-et-mission\/#primaryimage\",\"url\":\"https:\/\/hpo-moukouti.com\/wp-content\/uploads\/2022\/10\/kl-main-building-d-Kopie-e1666206809130-1024x653.jpg\",\"contentUrl\":\"https:\/\/hpo-moukouti.com\/wp-content\/uploads\/2022\/10\/kl-main-building-d-Kopie-e1666206809130-1024x653.jpg\"},{\"@type\":\"BreadcrumbList\",\"@id\":\"https:\/\/hpo-moukouti.com\/index.php\/vision-et-mission\/#breadcrumb\",\"itemListElement\":[{\"@type\":\"ListItem\",\"position\":1,\"name\":\"Accueil\",\"item\":\"https:\/\/hpo-moukouti.com\/\"},{\"@type\":\"ListItem\",\"position\":2,\"name\":\"Vision et mission\"}]},{\"@type\":\"WebSite\",\"@id\":\"https:\/\/hpo-moukouti.com\/#website\",\"url\":\"https:\/\/hpo-moukouti.com\/\",\"name\":\"SCI Moukouti\",\"description\":\"\",\"publisher\":{\"@id\":\"https:\/\/hpo-moukouti.com\/#organization\"},\"potentialAction\":[{\"@type\":\"SearchAction\",\"target\":{\"@type\":\"EntryPoint\",\"urlTemplate\":\"https:\/\/hpo-moukouti.com\/?s={search_term_string}\"},\"query-input\":{\"@type\":\"PropertyValueSpecification\",\"valueRequired\":true,\"valueName\":\"search_term_string\"}}],\"inLanguage\":\"fr-FR\"},{\"@type\":\"Organization\",\"@id\":\"https:\/\/hpo-moukouti.com\/#organization\",\"name\":\"SCI Moukouti\",\"url\":\"https:\/\/hpo-moukouti.com\/\",\"logo\":{\"@type\":\"ImageObject\",\"inLanguage\":\"fr-FR\",\"@id\":\"https:\/\/hpo-moukouti.com\/#\/schema\/logo\/image\/\",\"url\":\"https:\/\/hpo-moukouti.com\/wp-content\/uploads\/2023\/01\/LOGO-HPO-MOUKOUTI-2-1.png\",\"contentUrl\":\"https:\/\/hpo-moukouti.com\/wp-content\/uploads\/2023\/01\/LOGO-HPO-MOUKOUTI-2-1.png\",\"width\":696,\"height\":737,\"caption\":\"SCI Moukouti\"},\"image\":{\"@id\":\"https:\/\/hpo-moukouti.com\/#\/schema\/logo\/image\/\"}}]}<\/script>\n<!-- \/ Yoast SEO plugin. -->","yoast_head_json":{"title":"Vision et mission - SCI Moukouti","robots":{"index":"index","follow":"follow","max-snippet":"max-snippet:-1","max-image-preview":"max-image-preview:large","max-video-preview":"max-video-preview:-1"},"canonical":"https:\/\/hpo-moukouti.com\/index.php\/vision-et-mission\/","og_locale":"fr_FR","og_type":"article","og_title":"Vision et mission - SCI Moukouti","og_description":"Vision et missions Dans le cadre de sa vision et de ses missions, le Groupe HPO &amp; Associ\u00e9s a pour effet final recherch\u00e9 la satisfaction et le progr\u00e8s mesurable des parties int\u00e9ress\u00e9es pertinentes ; que ces derni\u00e8res soient actionnaires, collaborateurs, fournisseurs, distributeurs ou consommateurs. Le Groupe et ses filiales \u00e9noncent, pr\u00e9cisent et renforcent leur engagement [&hellip;]","og_url":"https:\/\/hpo-moukouti.com\/index.php\/vision-et-mission\/","og_site_name":"SCI Moukouti","article_modified_time":"2023-02-19T11:17:08+00:00","og_image":[{"url":"https:\/\/hpo-moukouti.com\/wp-content\/uploads\/2022\/10\/kl-main-building-d-Kopie-e1666206809130-1024x653.jpg"}],"twitter_card":"summary_large_image","twitter_misc":{"Dur\u00e9e de lecture estim\u00e9e":"1 minute"},"schema":{"@context":"https:\/\/schema.org","@graph":[{"@type":"WebPage","@id":"https:\/\/hpo-moukouti.com\/index.php\/vision-et-mission\/","url":"https:\/\/hpo-moukouti.com\/index.php\/vision-et-mission\/","name":"Vision et mission - SCI Moukouti","isPartOf":{"@id":"https:\/\/hpo-moukouti.com\/#website"},"primaryImageOfPage":{"@id":"https:\/\/hpo-moukouti.com\/index.php\/vision-et-mission\/#primaryimage"},"image":{"@id":"https:\/\/hpo-moukouti.com\/index.php\/vision-et-mission\/#primaryimage"},"thumbnailUrl":"https:\/\/hpo-moukouti.com\/wp-content\/uploads\/2022\/10\/kl-main-building-d-Kopie-e1666206809130-1024x653.jpg","datePublished":"2022-12-08T08:12:30+00:00","dateModified":"2023-02-19T11:17:08+00:00","breadcrumb":{"@id":"https:\/\/hpo-moukouti.com\/index.php\/vision-et-mission\/#breadcrumb"},"inLanguage":"fr-FR","potentialAction":[{"@type":"ReadAction","target":["https:\/\/hpo-moukouti.com\/index.php\/vision-et-mission\/"]}]},{"@type":"ImageObject","inLanguage":"fr-FR","@id":"https:\/\/hpo-moukouti.com\/index.php\/vision-et-mission\/#primaryimage","url":"https:\/\/hpo-moukouti.com\/wp-content\/uploads\/2022\/10\/kl-main-building-d-Kopie-e1666206809130-1024x653.jpg","contentUrl":"https:\/\/hpo-moukouti.com\/wp-content\/uploads\/2022\/10\/kl-main-building-d-Kopie-e1666206809130-1024x653.jpg"},{"@type":"BreadcrumbList","@id":"https:\/\/hpo-moukouti.com\/index.php\/vision-et-mission\/#breadcrumb","itemListElement":[{"@type":"ListItem","position":1,"name":"Accueil","item":"https:\/\/hpo-moukouti.com\/"},{"@type":"ListItem","position":2,"name":"Vision et mission"}]},{"@type":"WebSite","@id":"https:\/\/hpo-moukouti.com\/#website","url":"https:\/\/hpo-moukouti.com\/","name":"SCI Moukouti","description":"","publisher":{"@id":"https:\/\/hpo-moukouti.com\/#organization"},"potentialAction":[{"@type":"SearchAction","target":{"@type":"EntryPoint","urlTemplate":"https:\/\/hpo-moukouti.com\/?s={search_term_string}"},"query-input":{"@type":"PropertyValueSpecification","valueRequired":true,"valueName":"search_term_string"}}],"inLanguage":"fr-FR"},{"@type":"Organization","@id":"https:\/\/hpo-moukouti.com\/#organization","name":"SCI Moukouti","url":"https:\/\/hpo-moukouti.com\/","logo":{"@type":"ImageObject","inLanguage":"fr-FR","@id":"https:\/\/hpo-moukouti.com\/#\/schema\/logo\/image\/","url":"https:\/\/hpo-moukouti.com\/wp-content\/uploads\/2023\/01\/LOGO-HPO-MOUKOUTI-2-1.png","contentUrl":"https:\/\/hpo-moukouti.com\/wp-content\/uploads\/2023\/01\/LOGO-HPO-MOUKOUTI-2-1.png","width":696,"height":737,"caption":"SCI Moukouti"},"image":{"@id":"https:\/\/hpo-moukouti.com\/#\/schema\/logo\/image\/"}}]}},"_links":{"self":[{"href":"https:\/\/hpo-moukouti.com\/index.php\/wp-json\/wp\/v2\/pages\/791","targetHints":{"allow":["GET"]}}],"collection":[{"href":"https:\/\/hpo-moukouti.com\/index.php\/wp-json\/wp\/v2\/pages"}],"about":[{"href":"https:\/\/hpo-moukouti.com\/index.php\/wp-json\/wp\/v2\/types\/page"}],"author":[{"embeddable":true,"href":"https:\/\/hpo-moukouti.com\/index.php\/wp-json\/wp\/v2\/users\/1"}],"replies":[{"embeddable":true,"href":"https:\/\/hpo-moukouti.com\/index.php\/wp-json\/wp\/v2\/comments?post=791"}],"version-history":[{"count":21,"href":"https:\/\/hpo-moukouti.com\/index.php\/wp-json\/wp\/v2\/pages\/791\/revisions"}],"predecessor-version":[{"id":1382,"href":"https:\/\/hpo-moukouti.com\/index.php\/wp-json\/wp\/v2\/pages\/791\/revisions\/1382"}],"wp:attachment":[{"href":"https:\/\/hpo-moukouti.com\/index.php\/wp-json\/wp\/v2\/media?parent=791"}],"curies":[{"name":"wp","href":"https:\/\/api.w.org\/{rel}","templated":true}]}}