{"id":99,"date":"2022-10-19T19:10:01","date_gmt":"2022-10-19T19:10:01","guid":{"rendered":"https:\/\/hpo-moukouti.com\/?page_id=99"},"modified":"2022-12-11T21:31:35","modified_gmt":"2022-12-11T21:31:35","slug":"la-societe","status":"publish","type":"page","link":"https:\/\/hpo-moukouti.com\/index.php\/la-societe\/","title":{"rendered":"La soci\u00e9t\u00e9"},"content":{"rendered":"\t\t<div data-elementor-type=\"wp-page\" data-elementor-id=\"99\" class=\"elementor elementor-99\">\n\t\t\t\t\t\t<section class=\"elementor-section elementor-top-section elementor-element elementor-element-d64701f elementor-section-full_width elementor-section-height-min-height elementor-section-stretched elementor-reverse-mobile elementor-section-height-default elementor-section-items-middle\" data-id=\"d64701f\" data-element_type=\"section\" data-settings=\"{&quot;stretch_section&quot;:&quot;section-stretched&quot;,&quot;background_background&quot;:&quot;classic&quot;}\">\n\t\t\t\t\t\t<div class=\"elementor-container elementor-column-gap-default\">\n\t\t\t\t\t<div class=\"elementor-column elementor-col-50 elementor-top-column elementor-element elementor-element-e228b81\" data-id=\"e228b81\" data-element_type=\"column\">\n\t\t\t<div class=\"elementor-widget-wrap elementor-element-populated\">\n\t\t\t\t\t\t<section class=\"elementor-section elementor-inner-section elementor-element elementor-element-7c69871 elementor-section-boxed elementor-section-height-default elementor-section-height-default\" data-id=\"7c69871\" data-element_type=\"section\">\n\t\t\t\t\t\t<div class=\"elementor-container elementor-column-gap-default\">\n\t\t\t\t\t<div class=\"elementor-column elementor-col-50 elementor-inner-column elementor-element elementor-element-58fdcad\" data-id=\"58fdcad\" data-element_type=\"column\">\n\t\t\t<div class=\"elementor-widget-wrap\">\n\t\t\t\t\t\t\t<\/div>\n\t\t<\/div>\n\t\t\t\t<div class=\"elementor-column elementor-col-50 elementor-inner-column elementor-element elementor-element-81cc7a7\" data-id=\"81cc7a7\" data-element_type=\"column\">\n\t\t\t<div class=\"elementor-widget-wrap elementor-element-populated\">\n\t\t\t\t\t\t<div class=\"elementor-element elementor-element-a1ae0da elementor-widget elementor-widget-heading\" data-id=\"a1ae0da\" data-element_type=\"widget\" data-widget_type=\"heading.default\">\n\t\t\t\t<div class=\"elementor-widget-container\">\n\t\t\t<h2 class=\"elementor-heading-title elementor-size-default\">LA SOCIETE<\/h2>\t\t<\/div>\n\t\t\t\t<\/div>\n\t\t\t\t\t<\/div>\n\t\t<\/div>\n\t\t\t\t\t<\/div>\n\t\t<\/section>\n\t\t\t\t\t<\/div>\n\t\t<\/div>\n\t\t\t\t<div class=\"elementor-column elementor-col-50 elementor-top-column elementor-element elementor-element-cbb287f\" data-id=\"cbb287f\" data-element_type=\"column\" data-settings=\"{&quot;background_background&quot;:&quot;classic&quot;}\">\n\t\t\t<div class=\"elementor-widget-wrap elementor-element-populated\">\n\t\t\t\t\t\t<div class=\"elementor-element elementor-element-774d5eb elementor-widget elementor-widget-image\" data-id=\"774d5eb\" data-element_type=\"widget\" data-widget_type=\"image.default\">\n\t\t\t\t<div class=\"elementor-widget-container\">\n\t\t\t\t\t\t\t\t\t\t\t\t\t<img fetchpriority=\"high\" decoding=\"async\" width=\"1024\" height=\"653\" src=\"https:\/\/hpo-moukouti.com\/wp-content\/uploads\/2022\/10\/kl-main-building-d-Kopie-e1666206809130-1024x653.jpg\" class=\"attachment-large size-large wp-image-102\" alt=\"\" \/>\t\t\t\t\t\t\t\t\t\t\t\t\t<\/div>\n\t\t\t\t<\/div>\n\t\t\t\t\t<\/div>\n\t\t<\/div>\n\t\t\t\t\t<\/div>\n\t\t<\/section>\n\t\t\t\t<section class=\"elementor-section elementor-top-section elementor-element elementor-element-bb63429 elementor-section-full_width elementor-section-stretched elementor-section-height-default elementor-section-height-default\" data-id=\"bb63429\" data-element_type=\"section\" data-settings=\"{&quot;stretch_section&quot;:&quot;section-stretched&quot;}\">\n\t\t\t\t\t\t\t<div class=\"elementor-background-overlay\"><\/div>\n\t\t\t\t\t\t\t<div class=\"elementor-container elementor-column-gap-default\">\n\t\t\t\t\t<div class=\"elementor-column elementor-col-100 elementor-top-column elementor-element elementor-element-8b31026\" data-id=\"8b31026\" data-element_type=\"column\">\n\t\t\t<div class=\"elementor-widget-wrap elementor-element-populated\">\n\t\t\t\t\t\t<div class=\"elementor-element elementor-element-3200412 elementor-widget elementor-widget-spacer\" data-id=\"3200412\" data-element_type=\"widget\" data-widget_type=\"spacer.default\">\n\t\t\t\t<div class=\"elementor-widget-container\">\n\t\t\t\t\t<div class=\"elementor-spacer\">\n\t\t\t<div class=\"elementor-spacer-inner\"><\/div>\n\t\t<\/div>\n\t\t\t\t<\/div>\n\t\t\t\t<\/div>\n\t\t\t\t<section class=\"elementor-section elementor-inner-section elementor-element elementor-element-f325953 elementor-section-boxed elementor-section-height-default elementor-section-height-default\" data-id=\"f325953\" data-element_type=\"section\">\n\t\t\t\t\t\t<div class=\"elementor-container elementor-column-gap-default\">\n\t\t\t\t\t<div class=\"elementor-column elementor-col-100 elementor-inner-column elementor-element elementor-element-4135d5f\" data-id=\"4135d5f\" data-element_type=\"column\">\n\t\t\t<div class=\"elementor-widget-wrap elementor-element-populated\">\n\t\t\t\t\t\t<div class=\"elementor-element elementor-element-ff41c7c elementor-widget elementor-widget-text-editor\" data-id=\"ff41c7c\" data-element_type=\"widget\" data-widget_type=\"text-editor.default\">\n\t\t\t\t<div class=\"elementor-widget-container\">\n\t\t\t\t\t\t\t<p>La SCI MOUKOUTI, est un projet d\u2019envergure nationale qui a vu le jour \u00e0 Libreville le 28 avril 2014, et dont l\u2019ambition est de s\u2019imposer comme leader sur le march\u00e9 de l\u2019immobilier au Gabon.<\/p><p>Circonscrire ses missions et ses valeurs est un pr\u00e9alable \u00e0 la r\u00e9ussite et au d\u00e9veloppement des ses activit\u00e9s, en participant \u00e0 la cr\u00e9ation d\u2019une image de marque incontestable et reconnue.\u00a0<\/p>\t\t\t\t\t\t<\/div>\n\t\t\t\t<\/div>\n\t\t\t\t\t<\/div>\n\t\t<\/div>\n\t\t\t\t\t<\/div>\n\t\t<\/section>\n\t\t\t\t\t<\/div>\n\t\t<\/div>\n\t\t\t\t\t<\/div>\n\t\t<\/section>\n\t\t\t\t<\/div>\n\t\t","protected":false},"excerpt":{"rendered":"<p>LA SOCIETE La SCI MOUKOUTI, est un projet d\u2019envergure nationale qui a vu le jour \u00e0 Libreville le 28 avril 2014, et dont l\u2019ambition est de s\u2019imposer comme leader sur le march\u00e9 de l\u2019immobilier au Gabon. Circonscrire ses missions et ses valeurs est un pr\u00e9alable \u00e0 la r\u00e9ussite et au d\u00e9veloppement des ses activit\u00e9s, en [&hellip;]<\/p>\n","protected":false},"author":1,"featured_media":0,"parent":0,"menu_order":0,"comment_status":"closed","ping_status":"closed","template":"","meta":{"ocean_post_layout":"full-width","ocean_both_sidebars_style":"","ocean_both_sidebars_content_width":0,"ocean_both_sidebars_sidebars_width":0,"ocean_sidebar":"0","ocean_second_sidebar":"0","ocean_disable_margins":"enable","ocean_add_body_class":"","ocean_shortcode_before_top_bar":"","ocean_shortcode_after_top_bar":"","ocean_shortcode_before_header":"","ocean_shortcode_after_header":"","ocean_has_shortcode":"","ocean_shortcode_after_title":"","ocean_shortcode_before_footer_widgets":"","ocean_shortcode_after_footer_widgets":"","ocean_shortcode_before_footer_bottom":"","ocean_shortcode_after_footer_bottom":"","ocean_display_top_bar":"default","ocean_display_header":"default","ocean_header_style":"","ocean_center_header_left_menu":"0","ocean_custom_header_template":"0","ocean_custom_logo":0,"ocean_custom_retina_logo":0,"ocean_custom_logo_max_width":0,"ocean_custom_logo_tablet_max_width":0,"ocean_custom_logo_mobile_max_width":0,"ocean_custom_logo_max_height":0,"ocean_custom_logo_tablet_max_height":0,"ocean_custom_logo_mobile_max_height":0,"ocean_header_custom_menu":"0","ocean_menu_typo_font_family":"0","ocean_menu_typo_font_subset":"","ocean_menu_typo_font_size":0,"ocean_menu_typo_font_size_tablet":0,"ocean_menu_typo_font_size_mobile":0,"ocean_menu_typo_font_size_unit":"px","ocean_menu_typo_font_weight":"","ocean_menu_typo_font_weight_tablet":"","ocean_menu_typo_font_weight_mobile":"","ocean_menu_typo_transform":"","ocean_menu_typo_transform_tablet":"","ocean_menu_typo_transform_mobile":"","ocean_menu_typo_line_height":0,"ocean_menu_typo_line_height_tablet":0,"ocean_menu_typo_line_height_mobile":0,"ocean_menu_typo_line_height_unit":"","ocean_menu_typo_spacing":0,"ocean_menu_typo_spacing_tablet":0,"ocean_menu_typo_spacing_mobile":0,"ocean_menu_typo_spacing_unit":"","ocean_menu_link_color":"","ocean_menu_link_color_hover":"","ocean_menu_link_color_active":"","ocean_menu_link_background":"","ocean_menu_link_hover_background":"","ocean_menu_link_active_background":"","ocean_menu_social_links_bg":"","ocean_menu_social_hover_links_bg":"","ocean_menu_social_links_color":"","ocean_menu_social_hover_links_color":"","ocean_disable_title":"default","ocean_disable_heading":"default","ocean_post_title":"","ocean_post_subheading":"","ocean_post_title_style":"","ocean_post_title_background_color":"","ocean_post_title_background":0,"ocean_post_title_bg_image_position":"","ocean_post_title_bg_image_attachment":"","ocean_post_title_bg_image_repeat":"","ocean_post_title_bg_image_size":"","ocean_post_title_height":0,"ocean_post_title_bg_overlay":0.5,"ocean_post_title_bg_overlay_color":"","ocean_disable_breadcrumbs":"default","ocean_breadcrumbs_color":"","ocean_breadcrumbs_separator_color":"","ocean_breadcrumbs_links_color":"","ocean_breadcrumbs_links_hover_color":"","ocean_display_footer_widgets":"default","ocean_display_footer_bottom":"default","ocean_custom_footer_template":"0","footnotes":""},"class_list":["post-99","page","type-page","status-publish","hentry","entry"],"yoast_head":"<!-- This site is optimized with the Yoast SEO plugin v23.4 - https:\/\/yoast.com\/wordpress\/plugins\/seo\/ -->\n<title>La soci\u00e9t\u00e9 - SCI Moukouti<\/title>\n<meta name=\"robots\" content=\"index, follow, max-snippet:-1, max-image-preview:large, max-video-preview:-1\" \/>\n<link rel=\"canonical\" href=\"https:\/\/hpo-moukouti.com\/index.php\/la-societe\/\" \/>\n<meta property=\"og:locale\" content=\"fr_FR\" \/>\n<meta property=\"og:type\" content=\"article\" \/>\n<meta property=\"og:title\" content=\"La soci\u00e9t\u00e9 - SCI Moukouti\" \/>\n<meta property=\"og:description\" content=\"LA SOCIETE La SCI MOUKOUTI, est un projet d\u2019envergure nationale qui a vu le jour \u00e0 Libreville le 28 avril 2014, et dont l\u2019ambition est de s\u2019imposer comme leader sur le march\u00e9 de l\u2019immobilier au Gabon. Circonscrire ses missions et ses valeurs est un pr\u00e9alable \u00e0 la r\u00e9ussite et au d\u00e9veloppement des ses activit\u00e9s, en [&hellip;]\" \/>\n<meta property=\"og:url\" content=\"https:\/\/hpo-moukouti.com\/index.php\/la-societe\/\" \/>\n<meta property=\"og:site_name\" content=\"SCI Moukouti\" \/>\n<meta property=\"article:modified_time\" content=\"2022-12-11T21:31:35+00:00\" \/>\n<meta property=\"og:image\" content=\"https:\/\/hpo-moukouti.com\/wp-content\/uploads\/2022\/10\/kl-main-building-d-Kopie-e1666206809130-1024x653.jpg\" \/>\n<meta name=\"twitter:card\" content=\"summary_large_image\" \/>\n<script type=\"application\/ld+json\" class=\"yoast-schema-graph\">{\"@context\":\"https:\/\/schema.org\",\"@graph\":[{\"@type\":\"WebPage\",\"@id\":\"https:\/\/hpo-moukouti.com\/index.php\/la-societe\/\",\"url\":\"https:\/\/hpo-moukouti.com\/index.php\/la-societe\/\",\"name\":\"La soci\u00e9t\u00e9 - SCI Moukouti\",\"isPartOf\":{\"@id\":\"https:\/\/hpo-moukouti.com\/#website\"},\"primaryImageOfPage\":{\"@id\":\"https:\/\/hpo-moukouti.com\/index.php\/la-societe\/#primaryimage\"},\"image\":{\"@id\":\"https:\/\/hpo-moukouti.com\/index.php\/la-societe\/#primaryimage\"},\"thumbnailUrl\":\"https:\/\/hpo-moukouti.com\/wp-content\/uploads\/2022\/10\/kl-main-building-d-Kopie-e1666206809130-1024x653.jpg\",\"datePublished\":\"2022-10-19T19:10:01+00:00\",\"dateModified\":\"2022-12-11T21:31:35+00:00\",\"breadcrumb\":{\"@id\":\"https:\/\/hpo-moukouti.com\/index.php\/la-societe\/#breadcrumb\"},\"inLanguage\":\"fr-FR\",\"potentialAction\":[{\"@type\":\"ReadAction\",\"target\":[\"https:\/\/hpo-moukouti.com\/index.php\/la-societe\/\"]}]},{\"@type\":\"ImageObject\",\"inLanguage\":\"fr-FR\",\"@id\":\"https:\/\/hpo-moukouti.com\/index.php\/la-societe\/#primaryimage\",\"url\":\"https:\/\/hpo-moukouti.com\/wp-content\/uploads\/2022\/10\/kl-main-building-d-Kopie-e1666206809130-1024x653.jpg\",\"contentUrl\":\"https:\/\/hpo-moukouti.com\/wp-content\/uploads\/2022\/10\/kl-main-building-d-Kopie-e1666206809130-1024x653.jpg\"},{\"@type\":\"BreadcrumbList\",\"@id\":\"https:\/\/hpo-moukouti.com\/index.php\/la-societe\/#breadcrumb\",\"itemListElement\":[{\"@type\":\"ListItem\",\"position\":1,\"name\":\"Accueil\",\"item\":\"https:\/\/hpo-moukouti.com\/\"},{\"@type\":\"ListItem\",\"position\":2,\"name\":\"La soci\u00e9t\u00e9\"}]},{\"@type\":\"WebSite\",\"@id\":\"https:\/\/hpo-moukouti.com\/#website\",\"url\":\"https:\/\/hpo-moukouti.com\/\",\"name\":\"SCI Moukouti\",\"description\":\"\",\"publisher\":{\"@id\":\"https:\/\/hpo-moukouti.com\/#organization\"},\"potentialAction\":[{\"@type\":\"SearchAction\",\"target\":{\"@type\":\"EntryPoint\",\"urlTemplate\":\"https:\/\/hpo-moukouti.com\/?s={search_term_string}\"},\"query-input\":{\"@type\":\"PropertyValueSpecification\",\"valueRequired\":true,\"valueName\":\"search_term_string\"}}],\"inLanguage\":\"fr-FR\"},{\"@type\":\"Organization\",\"@id\":\"https:\/\/hpo-moukouti.com\/#organization\",\"name\":\"SCI Moukouti\",\"url\":\"https:\/\/hpo-moukouti.com\/\",\"logo\":{\"@type\":\"ImageObject\",\"inLanguage\":\"fr-FR\",\"@id\":\"https:\/\/hpo-moukouti.com\/#\/schema\/logo\/image\/\",\"url\":\"https:\/\/hpo-moukouti.com\/wp-content\/uploads\/2023\/01\/LOGO-HPO-MOUKOUTI-2-1.png\",\"contentUrl\":\"https:\/\/hpo-moukouti.com\/wp-content\/uploads\/2023\/01\/LOGO-HPO-MOUKOUTI-2-1.png\",\"width\":696,\"height\":737,\"caption\":\"SCI Moukouti\"},\"image\":{\"@id\":\"https:\/\/hpo-moukouti.com\/#\/schema\/logo\/image\/\"}}]}<\/script>\n<!-- \/ Yoast SEO plugin. -->","yoast_head_json":{"title":"La soci\u00e9t\u00e9 - SCI Moukouti","robots":{"index":"index","follow":"follow","max-snippet":"max-snippet:-1","max-image-preview":"max-image-preview:large","max-video-preview":"max-video-preview:-1"},"canonical":"https:\/\/hpo-moukouti.com\/index.php\/la-societe\/","og_locale":"fr_FR","og_type":"article","og_title":"La soci\u00e9t\u00e9 - SCI Moukouti","og_description":"LA SOCIETE La SCI MOUKOUTI, est un projet d\u2019envergure nationale qui a vu le jour \u00e0 Libreville le 28 avril 2014, et dont l\u2019ambition est de s\u2019imposer comme leader sur le march\u00e9 de l\u2019immobilier au Gabon. Circonscrire ses missions et ses valeurs est un pr\u00e9alable \u00e0 la r\u00e9ussite et au d\u00e9veloppement des ses activit\u00e9s, en [&hellip;]","og_url":"https:\/\/hpo-moukouti.com\/index.php\/la-societe\/","og_site_name":"SCI Moukouti","article_modified_time":"2022-12-11T21:31:35+00:00","og_image":[{"url":"https:\/\/hpo-moukouti.com\/wp-content\/uploads\/2022\/10\/kl-main-building-d-Kopie-e1666206809130-1024x653.jpg"}],"twitter_card":"summary_large_image","schema":{"@context":"https:\/\/schema.org","@graph":[{"@type":"WebPage","@id":"https:\/\/hpo-moukouti.com\/index.php\/la-societe\/","url":"https:\/\/hpo-moukouti.com\/index.php\/la-societe\/","name":"La soci\u00e9t\u00e9 - SCI Moukouti","isPartOf":{"@id":"https:\/\/hpo-moukouti.com\/#website"},"primaryImageOfPage":{"@id":"https:\/\/hpo-moukouti.com\/index.php\/la-societe\/#primaryimage"},"image":{"@id":"https:\/\/hpo-moukouti.com\/index.php\/la-societe\/#primaryimage"},"thumbnailUrl":"https:\/\/hpo-moukouti.com\/wp-content\/uploads\/2022\/10\/kl-main-building-d-Kopie-e1666206809130-1024x653.jpg","datePublished":"2022-10-19T19:10:01+00:00","dateModified":"2022-12-11T21:31:35+00:00","breadcrumb":{"@id":"https:\/\/hpo-moukouti.com\/index.php\/la-societe\/#breadcrumb"},"inLanguage":"fr-FR","potentialAction":[{"@type":"ReadAction","target":["https:\/\/hpo-moukouti.com\/index.php\/la-societe\/"]}]},{"@type":"ImageObject","inLanguage":"fr-FR","@id":"https:\/\/hpo-moukouti.com\/index.php\/la-societe\/#primaryimage","url":"https:\/\/hpo-moukouti.com\/wp-content\/uploads\/2022\/10\/kl-main-building-d-Kopie-e1666206809130-1024x653.jpg","contentUrl":"https:\/\/hpo-moukouti.com\/wp-content\/uploads\/2022\/10\/kl-main-building-d-Kopie-e1666206809130-1024x653.jpg"},{"@type":"BreadcrumbList","@id":"https:\/\/hpo-moukouti.com\/index.php\/la-societe\/#breadcrumb","itemListElement":[{"@type":"ListItem","position":1,"name":"Accueil","item":"https:\/\/hpo-moukouti.com\/"},{"@type":"ListItem","position":2,"name":"La soci\u00e9t\u00e9"}]},{"@type":"WebSite","@id":"https:\/\/hpo-moukouti.com\/#website","url":"https:\/\/hpo-moukouti.com\/","name":"SCI Moukouti","description":"","publisher":{"@id":"https:\/\/hpo-moukouti.com\/#organization"},"potentialAction":[{"@type":"SearchAction","target":{"@type":"EntryPoint","urlTemplate":"https:\/\/hpo-moukouti.com\/?s={search_term_string}"},"query-input":{"@type":"PropertyValueSpecification","valueRequired":true,"valueName":"search_term_string"}}],"inLanguage":"fr-FR"},{"@type":"Organization","@id":"https:\/\/hpo-moukouti.com\/#organization","name":"SCI Moukouti","url":"https:\/\/hpo-moukouti.com\/","logo":{"@type":"ImageObject","inLanguage":"fr-FR","@id":"https:\/\/hpo-moukouti.com\/#\/schema\/logo\/image\/","url":"https:\/\/hpo-moukouti.com\/wp-content\/uploads\/2023\/01\/LOGO-HPO-MOUKOUTI-2-1.png","contentUrl":"https:\/\/hpo-moukouti.com\/wp-content\/uploads\/2023\/01\/LOGO-HPO-MOUKOUTI-2-1.png","width":696,"height":737,"caption":"SCI Moukouti"},"image":{"@id":"https:\/\/hpo-moukouti.com\/#\/schema\/logo\/image\/"}}]}},"_links":{"self":[{"href":"https:\/\/hpo-moukouti.com\/index.php\/wp-json\/wp\/v2\/pages\/99","targetHints":{"allow":["GET"]}}],"collection":[{"href":"https:\/\/hpo-moukouti.com\/index.php\/wp-json\/wp\/v2\/pages"}],"about":[{"href":"https:\/\/hpo-moukouti.com\/index.php\/wp-json\/wp\/v2\/types\/page"}],"author":[{"embeddable":true,"href":"https:\/\/hpo-moukouti.com\/index.php\/wp-json\/wp\/v2\/users\/1"}],"replies":[{"embeddable":true,"href":"https:\/\/hpo-moukouti.com\/index.php\/wp-json\/wp\/v2\/comments?post=99"}],"version-history":[{"count":38,"href":"https:\/\/hpo-moukouti.com\/index.php\/wp-json\/wp\/v2\/pages\/99\/revisions"}],"predecessor-version":[{"id":932,"href":"https:\/\/hpo-moukouti.com\/index.php\/wp-json\/wp\/v2\/pages\/99\/revisions\/932"}],"wp:attachment":[{"href":"https:\/\/hpo-moukouti.com\/index.php\/wp-json\/wp\/v2\/media?parent=99"}],"curies":[{"name":"wp","href":"https:\/\/api.w.org\/{rel}","templated":true}]}}